{"id":95,"date":"2014-02-21T16:31:03","date_gmt":"2014-02-21T16:31:03","guid":{"rendered":"https:\/\/www.aprende-mas.es\/?page_id=95"},"modified":"2014-05-09T08:30:55","modified_gmt":"2014-05-09T08:30:55","slug":"recomendaciones-sobre-custodia","status":"publish","type":"page","link":"https:\/\/www.aprende-mas.es\/?page_id=95","title":{"rendered":"Recomendaciones sobre la custodia"},"content":{"rendered":"<p><a href=\"https:\/\/www.aprende-mas.es\/wp-content\/uploads\/2014\/02\/custodia-mediacion.jpg\"><img decoding=\"async\" loading=\"lazy\" class=\"size-medium wp-image-312 alignright\" alt=\"custodia-mediacion\" src=\"https:\/\/www.aprende-mas.es\/wp-content\/uploads\/2014\/02\/custodia-mediacion-225x300.jpg\" width=\"225\" height=\"300\" srcset=\"https:\/\/www.aprende-mas.es\/wp-content\/uploads\/2014\/02\/custodia-mediacion-225x300.jpg 225w, https:\/\/www.aprende-mas.es\/wp-content\/uploads\/2014\/02\/custodia-mediacion.jpg 261w\" sizes=\"(max-width: 225px) 100vw, 225px\" \/><\/a>A veces, durante el proceso de separaci\u00f3n ya tenemos suficiente con el \u201cmal trago\u201d de tener que repartir enseres, dinero, vivienda\u2026como para tener que pensar en c\u00f3mo \u201crepartirnos\u201d a los hijos e hijas. Parece que sin darnos cuenta, los terminamos cosificando cuando es algo que hay que tratar de manera mucho m\u00e1s delicada.<\/p>\n<p>Los hijos <strong>OS NECESITAN A LOS DOS<\/strong> y necesitan una relaci\u00f3n fluida entre vosotros. Aunque no os llev\u00e9is bien, esto se puede conseguir. Pedid nuestra ayuda si lo necesit\u00e1is<\/p>\n","protected":false},"excerpt":{"rendered":"<p>A veces, durante el proceso de separaci\u00f3n ya tenemos suficiente con el \u201cmal trago\u201d de tener que repartir enseres, dinero, vivienda\u2026como para tener que pensar en c\u00f3mo \u201crepartirnos\u201d a los hijos e hijas. Parece que sin darnos cuenta, los terminamos cosificando cuando es algo que hay que tratar de manera mucho m\u00e1s delicada. Los hijos [&hellip;]<\/p>\n","protected":false},"author":1,"featured_media":0,"parent":81,"menu_order":7,"comment_status":"closed","ping_status":"open","template":"","meta":{"footnotes":""},"_links":{"self":[{"href":"https:\/\/www.aprende-mas.es\/index.php?rest_route=\/wp\/v2\/pages\/95"}],"collection":[{"href":"https:\/\/www.aprende-mas.es\/index.php?rest_route=\/wp\/v2\/pages"}],"about":[{"href":"https:\/\/www.aprende-mas.es\/index.php?rest_route=\/wp\/v2\/types\/page"}],"author":[{"embeddable":true,"href":"https:\/\/www.aprende-mas.es\/index.php?rest_route=\/wp\/v2\/users\/1"}],"replies":[{"embeddable":true,"href":"https:\/\/www.aprende-mas.es\/index.php?rest_route=%2Fwp%2Fv2%2Fcomments&post=95"}],"version-history":[{"count":5,"href":"https:\/\/www.aprende-mas.es\/index.php?rest_route=\/wp\/v2\/pages\/95\/revisions"}],"predecessor-version":[{"id":314,"href":"https:\/\/www.aprende-mas.es\/index.php?rest_route=\/wp\/v2\/pages\/95\/revisions\/314"}],"up":[{"embeddable":true,"href":"https:\/\/www.aprende-mas.es\/index.php?rest_route=\/wp\/v2\/pages\/81"}],"wp:attachment":[{"href":"https:\/\/www.aprende-mas.es\/index.php?rest_route=%2Fwp%2Fv2%2Fmedia&parent=95"}],"curies":[{"name":"wp","href":"https:\/\/api.w.org\/{rel}","templated":true}]}}