{"id":93,"date":"2014-02-21T16:30:14","date_gmt":"2014-02-21T16:30:14","guid":{"rendered":"https:\/\/www.aprende-mas.es\/?page_id=93"},"modified":"2014-05-09T08:30:55","modified_gmt":"2014-05-09T08:30:55","slug":"divorcio-e-hijos","status":"publish","type":"page","link":"https:\/\/www.aprende-mas.es\/?page_id=93","title":{"rendered":"Divorcio e hijos"},"content":{"rendered":"<h3><a href=\"https:\/\/www.aprende-mas.es\/wp-content\/uploads\/2014\/02\/divorcio-hijos.jpg\"><img decoding=\"async\" loading=\"lazy\" class=\"size-medium wp-image-207 alignright\" alt=\"divorcio-hijos\" src=\"https:\/\/www.aprende-mas.es\/wp-content\/uploads\/2014\/02\/divorcio-hijos-300x168.jpg\" width=\"300\" height=\"168\" srcset=\"https:\/\/www.aprende-mas.es\/wp-content\/uploads\/2014\/02\/divorcio-hijos-300x168.jpg 300w, https:\/\/www.aprende-mas.es\/wp-content\/uploads\/2014\/02\/divorcio-hijos.jpg 624w\" sizes=\"(max-width: 300px) 100vw, 300px\" \/><\/a>El doloroso proceso del divorcio y&#8230; \u00bfQu\u00e9 pasa con los hijos?<\/h3>\n<p>Qu\u00e9 duda cabe que la separaci\u00f3n o divorcio es un momento cr\u00edtico para la persona. El proyecto de pareja no ha resultado y si hay hijos e hijas, se une el sentimiento de culpa a la tristeza, el dolor\u00a0 y el enfado.<\/p>\n<p>Comienza una nueva etapa en la que hay que redefinir la relaci\u00f3n con tu antiguo c\u00f3nyuge y padre\/madre de tus hijos\/as. Los ni\u00f1os\u00a0 y ni\u00f1as han de amoldarse a dos casas, dos vacaciones\u2026no les obliguemos a tener que optar por uno u otro padre, por una u otra \u201ceducaci\u00f3n\u201d, por una u otra familia.<\/p>\n<p>Pero, en muchas ocasiones, para logar esto necesitamos ayuda ya que nos hemos llenado de tanto rencor que no puede ser de otra forma. Nosotros os ayudaremos a que pod\u00e1is entregar a vuestros hijos e hijas el mejor de los regalos, una fuerte, sana y resistente relaci\u00f3n entre sus padres que les aportar\u00e1 la felicidad y seguridad que los ni\u00f1os\/as necesitan.<\/p>\n<p>Pero no nos queremos quedar ah\u00ed, tambi\u00e9n tenemos que ayudaros a vosotros, a vuestra lucha personal por superar la p\u00e9rdida de vuestro proyecto familiar, vuestra pareja o matrimonio.<\/p>\n<p><strong>Si est\u00e1s leyendo esto, ya has dado un paso para encararte a los desaf\u00edos asociados con el divorcio<\/strong><\/p>\n","protected":false},"excerpt":{"rendered":"<p>El doloroso proceso del divorcio y&#8230; \u00bfQu\u00e9 pasa con los hijos? Qu\u00e9 duda cabe que la separaci\u00f3n o divorcio es un momento cr\u00edtico para la persona. El proyecto de pareja no ha resultado y si hay hijos e hijas, se une el sentimiento de culpa a la tristeza, el dolor\u00a0 y el enfado. Comienza una [&hellip;]<\/p>\n","protected":false},"author":1,"featured_media":0,"parent":81,"menu_order":6,"comment_status":"closed","ping_status":"open","template":"","meta":{"footnotes":""},"_links":{"self":[{"href":"https:\/\/www.aprende-mas.es\/index.php?rest_route=\/wp\/v2\/pages\/93"}],"collection":[{"href":"https:\/\/www.aprende-mas.es\/index.php?rest_route=\/wp\/v2\/pages"}],"about":[{"href":"https:\/\/www.aprende-mas.es\/index.php?rest_route=\/wp\/v2\/types\/page"}],"author":[{"embeddable":true,"href":"https:\/\/www.aprende-mas.es\/index.php?rest_route=\/wp\/v2\/users\/1"}],"replies":[{"embeddable":true,"href":"https:\/\/www.aprende-mas.es\/index.php?rest_route=%2Fwp%2Fv2%2Fcomments&post=93"}],"version-history":[{"count":4,"href":"https:\/\/www.aprende-mas.es\/index.php?rest_route=\/wp\/v2\/pages\/93\/revisions"}],"predecessor-version":[{"id":209,"href":"https:\/\/www.aprende-mas.es\/index.php?rest_route=\/wp\/v2\/pages\/93\/revisions\/209"}],"up":[{"embeddable":true,"href":"https:\/\/www.aprende-mas.es\/index.php?rest_route=\/wp\/v2\/pages\/81"}],"wp:attachment":[{"href":"https:\/\/www.aprende-mas.es\/index.php?rest_route=%2Fwp%2Fv2%2Fmedia&parent=93"}],"curies":[{"name":"wp","href":"https:\/\/api.w.org\/{rel}","templated":true}]}}