{"id":9,"date":"2014-02-21T12:53:29","date_gmt":"2014-02-21T12:53:29","guid":{"rendered":"https:\/\/www.aprende-mas.es\/?page_id=9"},"modified":"2014-05-09T08:30:38","modified_gmt":"2014-05-09T08:30:38","slug":"hiperactividad-tdah","status":"publish","type":"page","link":"https:\/\/www.aprende-mas.es\/?page_id=9","title":{"rendered":"Hiperactividad (TDAH)"},"content":{"rendered":"<p><a href=\"https:\/\/www.aprende-mas.es\/wp-content\/uploads\/2014\/02\/Fracaso-escolar-4-jpg_222833.jpg\"><img decoding=\"async\" loading=\"lazy\" class=\"size-medium wp-image-37 alignright\" alt=\"Fracaso-escolar-4-jpg_222833\" src=\"https:\/\/www.aprende-mas.es\/wp-content\/uploads\/2014\/02\/Fracaso-escolar-4-jpg_222833-300x199.jpg\" width=\"300\" height=\"199\" srcset=\"https:\/\/www.aprende-mas.es\/wp-content\/uploads\/2014\/02\/Fracaso-escolar-4-jpg_222833-300x199.jpg 300w, https:\/\/www.aprende-mas.es\/wp-content\/uploads\/2014\/02\/Fracaso-escolar-4-jpg_222833.jpg 400w\" sizes=\"(max-width: 300px) 100vw, 300px\" \/><\/a>Los padres se preocupan mucho cuando reciben una carta del colegio diciendo que su hijo \u00abno presta atenci\u00f3n al profesor\u00bb, \u201cno para quieto y molesta\u201d, o que \u00abse porta mal en el aula\u00bb. Una posible causa para este tipo de comportamiento es el Desorden de Deficiencia de Atenci\u00f3n debido a la <strong>Hiperactividad (TDAH)<\/strong> (Attention Deficit Hyperactivity Disorder ADHD).<\/p>\n<p>Aun cuando el ni\u00f1o con <strong>TDAH<\/strong> quiere ser un buen estudiante, su comportamiento impulsivo y su incapacidad para concentrarse o para prestar atenci\u00f3n se lo impiden. Los maestros, los padres y los amigos saben que el ni\u00f1o \u00abse est\u00e1 portando mal\u00bb o que \u00abes diferente\u00bb, pero no saben exactamente qu\u00e9 es lo que le pasa. Un psic\u00f3logo de ni\u00f1os y adolescentes puede diagnosticar y tratar al ni\u00f1o con TDAH.<\/p>\n<p>En los ni\u00f1os peque\u00f1os los s\u00edntomas de \u00abhiperactividad\u00bb del TDAH pueden incluir el movimiento excesivo, alta activaci\u00f3n y alta demanda, en los ni\u00f1os mayores se observa la incapacidad para estarse quietos y el ser nerviosos y exagerados. El TDAH es diez veces m\u00e1s com\u00fan en ni\u00f1os que en ni\u00f1as.<br \/>\nEl <strong>ni\u00f1o con TDAH<\/strong> presenta varias de las siguientes caracter\u00edsticas:<\/p>\n<ul>\n<li>Tiene dificultad organizando su trabajo y da la impresi\u00f3n de que \u00e9l o ella no ha escuchado las instrucciones<\/li>\n<li>Se distrae f\u00e1cilmente<\/li>\n<li>Comete errores por ser descuidado o por ser impulsivo<\/li>\n<li>Habla demasiado en clase<\/li>\n<li>No tiene paciencia para esperar su turno en situaciones de grupos<\/li>\n<li>No puede terminar lo que los padres le piden<\/li>\n<li>No suele jugar al mismo juego durante el mismo tiempo que otros ni\u00f1os de su edad, se cansa r\u00e1pido y cambia de actividad.<\/li>\n<\/ul>\n<p>Sin el tratamiento adecuado, el ni\u00f1o se retrasa en sus estudios y pierde sus amistades como resultado de su falta de cooperaci\u00f3n en los juegos y en las otras actividades sociales. Su amor propio sufrir\u00e1 porque soporta m\u00e1s fracasos que \u00e9xitos y es muy criticado por profesores y familiares, quienes no entienden su problema de salud.<\/p>\n<p>Las investigaciones cient\u00edficas demuestran que hay medicinas que pueden ayudar al ni\u00f1o en ese caso. La medicina que se usa para el TDAH es mucho m\u00e1s eficaz cuando es parte de un plan de tratamiento comprensivo que incluye evaluaciones psicol\u00f3gicas frecuentes, psicoterapia para el ni\u00f1o y la familia, y consultas con los maestros.<\/p>\n<p>Si el ni\u00f1o demuestra tener problemas de conducta, como los del TDAH, los padres pueden pedirle a su m\u00e9dico de familia o al pediatra que les recomiende un psic\u00f3logo de ni\u00f1os y adolescentes, quien puede diagnosticar y tratar al ni\u00f1o con la enfermedad. Reuni\u00e9ndose con el psic\u00f3logo de ni\u00f1os y adolescentes los padres pueden aprender c\u00f3mo hacerle frente al problema de su hijo. Adem\u00e1s, el psic\u00f3logo de ni\u00f1os y adolescentes ayuda frecuentemente a los profesores a determinar cu\u00e1les son los m\u00e9todos m\u00e1s efectivos para ense\u00f1ar a los ni\u00f1os que sufren del Desorden de Deficiencia de Atenci\u00f3n debido a la Hiperactividad.<\/p>\n","protected":false},"excerpt":{"rendered":"<p>Los padres se preocupan mucho cuando reciben una carta del colegio diciendo que su hijo \u00abno presta atenci\u00f3n al profesor\u00bb, \u201cno para quieto y molesta\u201d, o que \u00abse porta mal en el aula\u00bb. Una posible causa para este tipo de comportamiento es el Desorden de Deficiencia de Atenci\u00f3n debido a la Hiperactividad (TDAH) (Attention Deficit [&hellip;]<\/p>\n","protected":false},"author":1,"featured_media":0,"parent":12,"menu_order":2,"comment_status":"closed","ping_status":"open","template":"","meta":{"footnotes":""},"_links":{"self":[{"href":"https:\/\/www.aprende-mas.es\/index.php?rest_route=\/wp\/v2\/pages\/9"}],"collection":[{"href":"https:\/\/www.aprende-mas.es\/index.php?rest_route=\/wp\/v2\/pages"}],"about":[{"href":"https:\/\/www.aprende-mas.es\/index.php?rest_route=\/wp\/v2\/types\/page"}],"author":[{"embeddable":true,"href":"https:\/\/www.aprende-mas.es\/index.php?rest_route=\/wp\/v2\/users\/1"}],"replies":[{"embeddable":true,"href":"https:\/\/www.aprende-mas.es\/index.php?rest_route=%2Fwp%2Fv2%2Fcomments&post=9"}],"version-history":[{"count":2,"href":"https:\/\/www.aprende-mas.es\/index.php?rest_route=\/wp\/v2\/pages\/9\/revisions"}],"predecessor-version":[{"id":38,"href":"https:\/\/www.aprende-mas.es\/index.php?rest_route=\/wp\/v2\/pages\/9\/revisions\/38"}],"up":[{"embeddable":true,"href":"https:\/\/www.aprende-mas.es\/index.php?rest_route=\/wp\/v2\/pages\/12"}],"wp:attachment":[{"href":"https:\/\/www.aprende-mas.es\/index.php?rest_route=%2Fwp%2Fv2%2Fmedia&parent=9"}],"curies":[{"name":"wp","href":"https:\/\/api.w.org\/{rel}","templated":true}]}}