{"id":87,"date":"2014-02-21T16:28:29","date_gmt":"2014-02-21T16:28:29","guid":{"rendered":"https:\/\/www.aprende-mas.es\/?page_id=87"},"modified":"2014-05-09T08:30:55","modified_gmt":"2014-05-09T08:30:55","slug":"soluciones-al-matrimonio","status":"publish","type":"page","link":"https:\/\/www.aprende-mas.es\/?page_id=87","title":{"rendered":"Soluciones al matrimonio"},"content":{"rendered":"<p><a href=\"https:\/\/www.aprende-mas.es\/wp-content\/uploads\/2014\/02\/soluciones-matrimonio.jpg\"><img decoding=\"async\" loading=\"lazy\" class=\"size-medium wp-image-309 alignright\" alt=\"soluciones-matrimonio\" src=\"https:\/\/www.aprende-mas.es\/wp-content\/uploads\/2014\/02\/soluciones-matrimonio-300x199.jpg\" width=\"300\" height=\"199\" srcset=\"https:\/\/www.aprende-mas.es\/wp-content\/uploads\/2014\/02\/soluciones-matrimonio-300x199.jpg 300w, https:\/\/www.aprende-mas.es\/wp-content\/uploads\/2014\/02\/soluciones-matrimonio.jpg 425w\" sizes=\"(max-width: 300px) 100vw, 300px\" \/><\/a>No os pon\u00e9is de acuerdo en nada, todo os sienta mal, o directamente ya no os habl\u00e1is, pens\u00e1is que el otro no es la persona de la que os enamorasteis, hace tiempo que existe una distancia emocional entre vosotros, os ten\u00e9is aprecio pero se fue la \u201cchispa\u201d, manten\u00e9is la pareja por los hijos y\/o las familias, o ha habido alg\u00fan episodio de infidelidad por alguna parte\u2026<\/p>\n<p>Probablemente, si est\u00e1s leyendo esto es porque algo de esto te suena, os est\u00e1 sucediendo. No dud\u00e9is que las cosas desde dentro no se miran con objetividad, hay demasiadas emociones que lo enturbian aun m\u00e1s cuando hacemos alg\u00fan intento de arreglar las cosas.<\/p>\n<p>Si el divorcio tiene que llegar, llegar\u00e1; pero no sin antes intentar salvar a la pareja con nuevas herramientas que fortalezcan vuestra uni\u00f3n.<\/p>\n<p>Recordad que tras solventar las crisis, la pareja se empodera (ver \u201c<strong>Pensando en la Separaci\u00f3n\u201d<\/strong>). <strong>No dud\u00e9is en intentarlo.<\/strong><\/p>\n","protected":false},"excerpt":{"rendered":"<p>No os pon\u00e9is de acuerdo en nada, todo os sienta mal, o directamente ya no os habl\u00e1is, pens\u00e1is que el otro no es la persona de la que os enamorasteis, hace tiempo que existe una distancia emocional entre vosotros, os ten\u00e9is aprecio pero se fue la \u201cchispa\u201d, manten\u00e9is la pareja por los hijos y\/o las [&hellip;]<\/p>\n","protected":false},"author":1,"featured_media":0,"parent":81,"menu_order":3,"comment_status":"closed","ping_status":"open","template":"","meta":{"footnotes":""},"_links":{"self":[{"href":"https:\/\/www.aprende-mas.es\/index.php?rest_route=\/wp\/v2\/pages\/87"}],"collection":[{"href":"https:\/\/www.aprende-mas.es\/index.php?rest_route=\/wp\/v2\/pages"}],"about":[{"href":"https:\/\/www.aprende-mas.es\/index.php?rest_route=\/wp\/v2\/types\/page"}],"author":[{"embeddable":true,"href":"https:\/\/www.aprende-mas.es\/index.php?rest_route=\/wp\/v2\/users\/1"}],"replies":[{"embeddable":true,"href":"https:\/\/www.aprende-mas.es\/index.php?rest_route=%2Fwp%2Fv2%2Fcomments&post=87"}],"version-history":[{"count":3,"href":"https:\/\/www.aprende-mas.es\/index.php?rest_route=\/wp\/v2\/pages\/87\/revisions"}],"predecessor-version":[{"id":310,"href":"https:\/\/www.aprende-mas.es\/index.php?rest_route=\/wp\/v2\/pages\/87\/revisions\/310"}],"up":[{"embeddable":true,"href":"https:\/\/www.aprende-mas.es\/index.php?rest_route=\/wp\/v2\/pages\/81"}],"wp:attachment":[{"href":"https:\/\/www.aprende-mas.es\/index.php?rest_route=%2Fwp%2Fv2%2Fmedia&parent=87"}],"curies":[{"name":"wp","href":"https:\/\/api.w.org\/{rel}","templated":true}]}}