{"id":73,"date":"2014-02-21T15:45:54","date_gmt":"2014-02-21T15:45:54","guid":{"rendered":"https:\/\/www.aprende-mas.es\/?page_id=73"},"modified":"2014-05-09T08:30:55","modified_gmt":"2014-05-09T08:30:55","slug":"terapia-adultos","status":"publish","type":"page","link":"https:\/\/www.aprende-mas.es\/?page_id=73","title":{"rendered":"Terapia Adultos"},"content":{"rendered":"<p>Aquello que nos indica que algo no va bien, que no nos sentimos c\u00f3modos, situaciones que se nos salen de las manos y ya no controlamos, algo que antes parec\u00eda normal y ahora se nos dificulta; son se\u00f1ales o s\u00edntomas que pueden presentarse en cualquier momento de nuestras vidas.<\/p>\n<p>Una mirada experta nos puede indicar aquello que no interpretamos adecuadamente y debemos mejorar.<\/p>\n<p>S\u00edntomas frecuentes por los cuales se acude al psic\u00f3logo:<\/p>\n<ul>\n<li>Depresi\u00f3n, tristeza, duelos mal tratados o inconclusos.<\/li>\n<li>Ansiedad, fobias, miedos.<\/li>\n<li>Falta de motivaci\u00f3n, tristeza sin un porque, llanto repentino sin explicaciones.<\/li>\n<li>Cambios repentinos del estado de \u00e1nimo.<\/li>\n<li>Angustia, con\/sin ataques de p\u00e1nico.<\/li>\n<li>Miedos, fobias, ansiedad, estr\u00e9s.<\/li>\n<li>Trastornos alimentarios, bulimia, anorexia, obesidad.<\/li>\n<li>Dificultades sexuales, falta de deseo, impotencia, ausencia de orgasmos.<\/li>\n<li>Trastornos del sue\u00f1o: falta de sue\u00f1o, dificultades para dormir, sue\u00f1o interrumpido o liviano.<\/li>\n<li>Inseguridad, no ser capaz, poca auto-estima, timidez, complejos.<\/li>\n<li>Sentimientos de fracaso en el trabajo, fracaso como profesional, dificultades escolares.<\/li>\n<li>Agresividad, irritabilidad.<\/li>\n<li>Conflictos familiares, discusiones frecuentes con hijos, con padres, conflictos de pareja, agresividad.<\/li>\n<li>Problemas de la migraci\u00f3n.<\/li>\n<li>Trastornos Som\u00e1ticos: Dolores sin una explicaci\u00f3n medica, dolencias f\u00edsicas que se repiten.<\/li>\n<li>Adicciones, obsesiones: Al juego, a las drogas, a los antidepresivos, al alcohol, a comprar.<\/li>\n<li>Sentimientos de culpa, insatisfacci\u00f3n, desorientaci\u00f3n.<\/li>\n<\/ul>\n","protected":false},"excerpt":{"rendered":"<p>Aquello que nos indica que algo no va bien, que no nos sentimos c\u00f3modos, situaciones que se nos salen de las manos y ya no controlamos, algo que antes parec\u00eda normal y ahora se nos dificulta; son se\u00f1ales o s\u00edntomas que pueden presentarse en cualquier momento de nuestras vidas. Una mirada experta nos puede indicar [&hellip;]<\/p>\n","protected":false},"author":1,"featured_media":0,"parent":0,"menu_order":3,"comment_status":"closed","ping_status":"open","template":"","meta":{"footnotes":""},"_links":{"self":[{"href":"https:\/\/www.aprende-mas.es\/index.php?rest_route=\/wp\/v2\/pages\/73"}],"collection":[{"href":"https:\/\/www.aprende-mas.es\/index.php?rest_route=\/wp\/v2\/pages"}],"about":[{"href":"https:\/\/www.aprende-mas.es\/index.php?rest_route=\/wp\/v2\/types\/page"}],"author":[{"embeddable":true,"href":"https:\/\/www.aprende-mas.es\/index.php?rest_route=\/wp\/v2\/users\/1"}],"replies":[{"embeddable":true,"href":"https:\/\/www.aprende-mas.es\/index.php?rest_route=%2Fwp%2Fv2%2Fcomments&post=73"}],"version-history":[{"count":1,"href":"https:\/\/www.aprende-mas.es\/index.php?rest_route=\/wp\/v2\/pages\/73\/revisions"}],"predecessor-version":[{"id":74,"href":"https:\/\/www.aprende-mas.es\/index.php?rest_route=\/wp\/v2\/pages\/73\/revisions\/74"}],"wp:attachment":[{"href":"https:\/\/www.aprende-mas.es\/index.php?rest_route=%2Fwp%2Fv2%2Fmedia&parent=73"}],"curies":[{"name":"wp","href":"https:\/\/api.w.org\/{rel}","templated":true}]}}