{"id":6,"date":"2014-02-21T12:03:56","date_gmt":"2014-02-21T12:03:56","guid":{"rendered":"https:\/\/www.aprende-mas.es\/?page_id=6"},"modified":"2024-09-26T09:48:52","modified_gmt":"2024-09-26T09:48:52","slug":"por-que-una-terapia-psicologica","status":"publish","type":"page","link":"https:\/\/www.aprende-mas.es\/","title":{"rendered":"\u00bfPor qu\u00e9 una Terapia Psicol\u00f3gica?"},"content":{"rendered":"<h2><span style=\"font-size: 1.4rem; line-height: 1.6;\"><span style=\"color: #0000ff;\">\u00a1SOMOS PADRES!<\/span>\u00a0SOY <span style=\"color: #993366;\">MADRE<\/span>\/PADRE y son tantas veces la que me siento: \u00abnerviosa\/o\u00bb, \u00abcansada\/o\u00bb, \u00abequivocada\/o\u00bb&#8230;&#8230;&#8230; <span style=\"color: #ff00ff;\">\u00bfQu\u00e9 esta pasando?<\/span>\u00a0estoy sola\/o???, me siento culpable y frustrada\/o, estoy equivocada&#8230;&#8230;.<strong>Te puedo acompa\u00f1ar en estos momentos de duda y frustraci\u00f3n.<\/strong> Son ya 27 a\u00f1os a vuestro lado, mi experiencia y aprendizaje os puede acompa\u00f1ar y guiar. La psicolog\u00eda te va a aportar las <span style=\"color: #ff6600;\">herramientas <\/span>que te faltan.\u00a0<\/span><\/h2>\n<h1 style=\"text-align: center;\"><span style=\"color: #ff0000;\">La PSICOLOG\u00cdA te AYUDA.<\/span><\/h1>\n<h2 style=\"text-align: center;\"><a href=\"mailto:luislebrusan@aprende-mas.es\">luislebrusan@aprende-mas.es<\/a> [] Tlf.\/Wasap: 653533447<\/h2>\n<p><!--more--><\/p>\n<h2 style=\"text-align: center;\"><a href=\"https:\/\/g.co\/kgs\/7xnHdeU\">Calle Buganvilla 4. Local 2. 28036 Madrid.<\/a><\/h2>\n<p><span style=\"font-size: 1.4rem; line-height: 1.6;\">S\u00e9 que la falta de informaci\u00f3n y ayuda genera mucha ansiedad. En la mayor\u00eda de las ocasiones las familias se encuentran ante una situaci\u00f3n para la que sus experiencias y conocimientos <\/span><strong style=\"font-size: 1.4rem; line-height: 1.6;\">parecen no ser suficientes <\/strong><span style=\"font-size: 1.4rem; line-height: 1.6;\">y precisan de ayuda para reorientar la forma de resolver sus problemas.<\/span><\/p>\n<p style=\"text-align: left;\">Desde Aprende M\u00e1s <strong>podemos ayudaros <\/strong>a encontrar la mejor soluci\u00f3n a vuestro problema. Escr\u00edbenos y cu\u00e9ntanos lo que te ocurre.<\/p>\n<p style=\"text-align: left;\"><strong>\u00bfCU\u00c1NDO BUSCAR AYUDA PARA SU HIJO O HIJA?<\/strong><\/p>\n<p>Los padres son normalmente los primeros en detectar cuando un hijo tiene un problema emocional o de conducta. Esta creciente preocupaci\u00f3n de los padres, unida con las observaciones de profesores y de otros miembros de la familia, es la manera m\u00e1s com\u00fan de darse cuenta de que el ni\u00f1o puede beneficiarse de un tratamiento. Es en este momento cuando los padres deben consultar tambi\u00e9n a un psic\u00f3logo de Ni\u00f1os y Adolescentes u otros profesionales para encontrar la manera de ayudar a su hijo.<\/p>\n<p>A continuaci\u00f3n se describen algunas se\u00f1ales indicativas de que una evaluaci\u00f3n por un psic\u00f3logo de Ni\u00f1os y Adolescentes puede ser necesaria.<\/p>\n<div style=\"float: left; width: 44%; text-align: left;\">\n<p><strong>En ni\u00f1os peque\u00f1os:<\/strong><\/p>\n<ul>\n<li>Cambios importantes en el rendimiento acad\u00e9mico.<\/li>\n<li>Malas calificaciones en la escuela, a pesar de hacer un esfuerzo notable.<\/li>\n<li>Preocupaci\u00f3n o ansiedad excesiva. Esta puede manifestarse en su negativa para: asistir al colegio, irse a dormir o a participar en aquellas actividades normales de un ni\u00f1o(a) de su edad (juego, dibujo, alimentaci\u00f3n, aseo, etc.).<\/li>\n<li>Pesadillas persistentes.<\/li>\n<li>y conductas provocativas a figuras de autoridad.<\/li>\n<li>Rabietas frecuentes y sin raz\u00f3n aparente.<\/li>\n<li>Agresiones.<\/li>\n<\/ul>\n<\/div>\n<div style=\"float: right; width: 44%; text-align: left;\">\n<p style=\"text-align: left;\"><strong>En preadolescentes y adolescentes:<\/strong><\/p>\n<ul>\n<li>Cambios importantes en el rendimiento acad\u00e9mico.<\/li>\n<li>Uso \u00f3 abuso de drogas o de alcohol.<\/li>\n<li>Dificultad para enfrentarse a los problemas, situaciones o actividades diarias.<\/li>\n<li>Cambios significativos en h\u00e1bitos de sue\u00f1o o alimenticios.<\/li>\n<li>Violaciones persistentes de los derechos de otras personas de forma agresiva o no agresivas; reto a la autoridad, robo, vandalismo, mentiras, falta de asistencia al colegio.<\/li>\n<li>Mentiras, ocultaciones e invenciones sobre la realidad.<\/li>\n<li>Miedo intenso a volverse obeso(a) sin tener en cuenta su verdadero peso.<\/li>\n<li>Estado depresivo manifestado por un estado de \u00e1nimo y actitud persistentemente negativa, con frecuencia acompa\u00f1ado de apetito pobre, dificultad en el dormir e ideas relacionadas con la muerte.<\/li>\n<li>Arranques de ira o malhumor frecuentes.<\/li>\n<\/ul>\n<\/div>\n<div style=\"clear: both;\"><\/div>\n","protected":false},"excerpt":{"rendered":"<p>\u00a1SOMOS PADRES!\u00a0SOY MADRE\/PADRE y son tantas veces la que me siento: \u00abnerviosa\/o\u00bb, \u00abcansada\/o\u00bb, \u00abequivocada\/o\u00bb&#8230;&#8230;&#8230; \u00bfQu\u00e9 esta pasando?\u00a0estoy sola\/o???, me siento culpable y frustrada\/o, estoy equivocada&#8230;&#8230;.Te puedo acompa\u00f1ar en estos momentos de duda y frustraci\u00f3n. Son ya 27 a\u00f1os a vuestro lado, mi experiencia y aprendizaje os puede acompa\u00f1ar y guiar. La psicolog\u00eda te va a [&hellip;]<\/p>\n","protected":false},"author":1,"featured_media":0,"parent":0,"menu_order":0,"comment_status":"closed","ping_status":"closed","template":"","meta":{"footnotes":""},"_links":{"self":[{"href":"https:\/\/www.aprende-mas.es\/index.php?rest_route=\/wp\/v2\/pages\/6"}],"collection":[{"href":"https:\/\/www.aprende-mas.es\/index.php?rest_route=\/wp\/v2\/pages"}],"about":[{"href":"https:\/\/www.aprende-mas.es\/index.php?rest_route=\/wp\/v2\/types\/page"}],"author":[{"embeddable":true,"href":"https:\/\/www.aprende-mas.es\/index.php?rest_route=\/wp\/v2\/users\/1"}],"replies":[{"embeddable":true,"href":"https:\/\/www.aprende-mas.es\/index.php?rest_route=%2Fwp%2Fv2%2Fcomments&post=6"}],"version-history":[{"count":49,"href":"https:\/\/www.aprende-mas.es\/index.php?rest_route=\/wp\/v2\/pages\/6\/revisions"}],"predecessor-version":[{"id":832,"href":"https:\/\/www.aprende-mas.es\/index.php?rest_route=\/wp\/v2\/pages\/6\/revisions\/832"}],"wp:attachment":[{"href":"https:\/\/www.aprende-mas.es\/index.php?rest_route=%2Fwp%2Fv2%2Fmedia&parent=6"}],"curies":[{"name":"wp","href":"https:\/\/api.w.org\/{rel}","templated":true}]}}