{"id":59,"date":"2014-02-21T15:28:14","date_gmt":"2014-02-21T15:28:14","guid":{"rendered":"https:\/\/www.aprende-mas.es\/?page_id=59"},"modified":"2014-05-09T08:30:38","modified_gmt":"2014-05-09T08:30:38","slug":"depresion-infantil","status":"publish","type":"page","link":"https:\/\/www.aprende-mas.es\/?page_id=59","title":{"rendered":"Depresi\u00f3n Infantil"},"content":{"rendered":"<h3><a href=\"https:\/\/www.aprende-mas.es\/wp-content\/uploads\/2014\/02\/depresion-infantil.jpg\"><img decoding=\"async\" loading=\"lazy\" class=\"size-medium wp-image-61 alignright\" alt=\"depresion-infantil\" src=\"https:\/\/www.aprende-mas.es\/wp-content\/uploads\/2014\/02\/depresion-infantil-300x233.jpg\" width=\"300\" height=\"233\" srcset=\"https:\/\/www.aprende-mas.es\/wp-content\/uploads\/2014\/02\/depresion-infantil-300x233.jpg 300w, https:\/\/www.aprende-mas.es\/wp-content\/uploads\/2014\/02\/depresion-infantil.jpg 472w\" sizes=\"(max-width: 300px) 100vw, 300px\" \/><\/a>Plant\u00e9ese si le son familiares los siguientes S\u00edntomas:<\/h3>\n<ul>\n<li>\u00bfSu hijo presenta tristeza todos los d\u00edas?<\/li>\n<li>\u00bfNo quiere o le cuesta mucho levantarse?<\/li>\n<li>\u00bfSe pone enfermo ante un acontecimiento importante (examen, comida familiar, cumplea\u00f1os de amigos\u2026), \u00f3 lo evita por todos los medios?<\/li>\n<li>\u00bfNo tiene ganas \u00f3 le cuesta mucho jugar con otros ni\u00f1os?<\/li>\n<li>\u00bfEn el recreo del colegio esta solo y se dedica a dar vueltas \u00f3 a estar sentado?<\/li>\n<li>\u00bfLe preocupa la muerte?<\/li>\n<li>\u00bfLlora con facilidad?<\/li>\n<\/ul>\n<p>Cada vez m\u00e1s presente en nuestra sociedad, es una enfermedad en la que no s\u00f3lo el paciente sufre, sino tambi\u00e9n el resto de la familia.<\/p>\n<p>Te asesoraremos e intentaremos salir juntos de ese \u00abmalestar\u00bb que parece invadir nuestra vida.<\/p>\n<p><strong>Desde Aprende M\u00e1s podemos ayudaros, encontraremos la mejor soluci\u00f3n.<\/strong><\/p>\n","protected":false},"excerpt":{"rendered":"<p>Plant\u00e9ese si le son familiares los siguientes S\u00edntomas: \u00bfSu hijo presenta tristeza todos los d\u00edas? \u00bfNo quiere o le cuesta mucho levantarse? \u00bfSe pone enfermo ante un acontecimiento importante (examen, comida familiar, cumplea\u00f1os de amigos\u2026), \u00f3 lo evita por todos los medios? \u00bfNo tiene ganas \u00f3 le cuesta mucho jugar con otros ni\u00f1os? \u00bfEn el [&hellip;]<\/p>\n","protected":false},"author":1,"featured_media":0,"parent":12,"menu_order":8,"comment_status":"closed","ping_status":"open","template":"","meta":{"footnotes":""},"_links":{"self":[{"href":"https:\/\/www.aprende-mas.es\/index.php?rest_route=\/wp\/v2\/pages\/59"}],"collection":[{"href":"https:\/\/www.aprende-mas.es\/index.php?rest_route=\/wp\/v2\/pages"}],"about":[{"href":"https:\/\/www.aprende-mas.es\/index.php?rest_route=\/wp\/v2\/types\/page"}],"author":[{"embeddable":true,"href":"https:\/\/www.aprende-mas.es\/index.php?rest_route=\/wp\/v2\/users\/1"}],"replies":[{"embeddable":true,"href":"https:\/\/www.aprende-mas.es\/index.php?rest_route=%2Fwp%2Fv2%2Fcomments&post=59"}],"version-history":[{"count":3,"href":"https:\/\/www.aprende-mas.es\/index.php?rest_route=\/wp\/v2\/pages\/59\/revisions"}],"predecessor-version":[{"id":63,"href":"https:\/\/www.aprende-mas.es\/index.php?rest_route=\/wp\/v2\/pages\/59\/revisions\/63"}],"up":[{"embeddable":true,"href":"https:\/\/www.aprende-mas.es\/index.php?rest_route=\/wp\/v2\/pages\/12"}],"wp:attachment":[{"href":"https:\/\/www.aprende-mas.es\/index.php?rest_route=%2Fwp%2Fv2%2Fmedia&parent=59"}],"curies":[{"name":"wp","href":"https:\/\/api.w.org\/{rel}","templated":true}]}}