{"id":51,"date":"2014-02-21T15:22:01","date_gmt":"2014-02-21T15:22:01","guid":{"rendered":"https:\/\/www.aprende-mas.es\/?page_id=51"},"modified":"2014-05-09T08:30:38","modified_gmt":"2014-05-09T08:30:38","slug":"fobias-y-miedos-infantiles","status":"publish","type":"page","link":"https:\/\/www.aprende-mas.es\/?page_id=51","title":{"rendered":"Fobias y Miedos Infantiles"},"content":{"rendered":"<h3><a href=\"https:\/\/www.aprende-mas.es\/wp-content\/uploads\/2014\/02\/miedos-fobias-infantiles.jpg\"><img decoding=\"async\" loading=\"lazy\" class=\"size-medium wp-image-56 alignright\" alt=\"miedos-fobias-infantiles\" src=\"https:\/\/www.aprende-mas.es\/wp-content\/uploads\/2014\/02\/miedos-fobias-infantiles-300x200.jpg\" width=\"300\" height=\"200\" srcset=\"https:\/\/www.aprende-mas.es\/wp-content\/uploads\/2014\/02\/miedos-fobias-infantiles-300x200.jpg 300w, https:\/\/www.aprende-mas.es\/wp-content\/uploads\/2014\/02\/miedos-fobias-infantiles.jpg 424w\" sizes=\"(max-width: 300px) 100vw, 300px\" \/><\/a>\u00bfSu hijo tiene miedo?<\/h3>\n<p>El miedo es un fen\u00f3meno psicol\u00f3gico que nos da la noci\u00f3n de peligro. Es algo normal, con una <span style=\"text-decoration: underline;\">funci\u00f3n adaptativa<\/span> que tanto en el ni\u00f1o como en el adulto supone una reacci\u00f3n emocional ante situaciones \u201cpeligrosas\u201d Estas situaciones pueden ser reales o imaginarias.<\/p>\n<p>Es habitual que los ni\u00f1os y adolescentes muestren en ocasiones<a title=\"Los miedos infantiles\" href=\"http:\/\/www.psicologiainfantilzaragoza.com\/emociones\/los-miedos-infantiles\/\"> miedos<\/a> y temores frecuentes para su edad, pero \u00bfCu\u00e1ndo esos miedos se convierten en fobias? Podemos hablar de fobia cuando ese temor es irracional o excesivo, y se desencadena ante un determinado est\u00edmulo, real o imaginario (sangre, animales, colegio, separaci\u00f3n de los padres, dentistas\u2026).<\/p>\n<p>Cuando el miedo se convierte en patolog\u00eda es porque ha superado el grado de normalidad y se acompa\u00f1a por otro tipo de alteraciones como son ansiedades (nervios), sentimientos depresivos (tristeza) o fobias (miedo exagerado). No podemos negar que el miedo es un sentimiento desagradable del que no es f\u00e1cil conocer su origen.<\/p>\n<p><strong>\u00bfPero que es el miedo patol\u00f3gico: \u201cLa Fobia\u201d?<\/strong> : es un miedo fuerte y constante que es excesivo o irracional, desencadenado por la presencia o anticipaci\u00f3n (imagina) de un objeto o situaci\u00f3n espec\u00edficos.<\/p>\n<p>En los ni\u00f1os vemos m\u00e1s claramente las distintas variantes del miedo: el lactante que llora porque no quiere quedarse solo; el miedo a las \u201cbrujas o monstruos\u201d, y otras m\u00e1s evidentes como el miedo a un perro que les puede morder, o a una simple mosca.<\/p>\n<p>El miedo tiene un sentido biol\u00f3gico que protege al hombre de un peligro y debe reaccionar este mecanismo autom\u00e1ticamente y sin experiencia previa. Algunos investigadores consideran el miedo a la oscuridad una reacci\u00f3n innata pero casi siempre son factores externos y sobre todo la influencia educativa quienes aportan el mayor peso a la hora de predisponer a la persona al miedo.<\/p>\n<p>En su forma original el miedo es un mecanismo natural de protecci\u00f3n que aparece ante una se\u00f1al de peligro. Seg\u00fan los est\u00edmulos y la susceptibilidad del individuo puede funcionar de forma suave o fuerte. La sensaci\u00f3n experimental produce un estado de tensi\u00f3n interior que se acompa\u00f1a de <strong>REACCIONES CORPORALES<\/strong> como: Ritmo cardiaco acelerado, Sudoraci\u00f3n excesiva, Tensi\u00f3n muscular, Sequedad de garganta y boca, Sensaci\u00f3n de nausea en el est\u00f3mago, Dificultad en respirar, Respiraci\u00f3n r\u00e1pida y entrecortada, Temblores, Dilataci\u00f3n de las pupilas, Erizamiento del pelo, Aumento de la presi\u00f3n arterial.<\/p>\n<p>Pero debemos tener en cuenta que frente a la susceptibilidad existe otra caracter\u00edstica muy unida al origen del miedo: <strong>LA FANTAS\u00cdA<\/strong>. La simple imaginaci\u00f3n de alg\u00fan hecho amenazante bastar\u00eda para darnos miedo. Veamos un ejemplo: a algunos ni\u00f1os les basta imaginarse que un perro pudiera morderles para tener miedo a los perros. Incluso la lectura de un cuento puede desencadenar el miedo. Entonces, \u00bfqu\u00e9 hacemos?:<\/p>\n<ul>\n<li>Tenemos un cuidado exagerado y alejamos a los ni\u00f1os de toda informaci\u00f3n susceptible de crear miedo.<\/li>\n<li>Procuramos que el ni\u00f1o se enfrente a situaciones nuevas y quiz\u00e1 atemorizantes (poco a poco y con ayuda profesional).<\/li>\n<\/ul>\n<p>Con la Ayuda de los <strong>Psic\u00f3logos<\/strong>, esta segunda opci\u00f3n es la m\u00e1s adecuada y con este comportamiento alejaremos a los ni\u00f1os de un estado exagerado ante el miedo. Debemos intentar \u201cdialogar\u201d con el miedo y descubrir c\u00f3mo influye en nuestra vida. <strong>Toda persona es un ser \u00fanico y \u201csus miedos\u201d tambi\u00e9n lo son.<\/strong><\/p>\n<p>&nbsp;<\/p>\n","protected":false},"excerpt":{"rendered":"<p>\u00bfSu hijo tiene miedo? El miedo es un fen\u00f3meno psicol\u00f3gico que nos da la noci\u00f3n de peligro. Es algo normal, con una funci\u00f3n adaptativa que tanto en el ni\u00f1o como en el adulto supone una reacci\u00f3n emocional ante situaciones \u201cpeligrosas\u201d Estas situaciones pueden ser reales o imaginarias. Es habitual que los ni\u00f1os y adolescentes muestren [&hellip;]<\/p>\n","protected":false},"author":1,"featured_media":0,"parent":12,"menu_order":7,"comment_status":"closed","ping_status":"open","template":"","meta":{"footnotes":""},"_links":{"self":[{"href":"https:\/\/www.aprende-mas.es\/index.php?rest_route=\/wp\/v2\/pages\/51"}],"collection":[{"href":"https:\/\/www.aprende-mas.es\/index.php?rest_route=\/wp\/v2\/pages"}],"about":[{"href":"https:\/\/www.aprende-mas.es\/index.php?rest_route=\/wp\/v2\/types\/page"}],"author":[{"embeddable":true,"href":"https:\/\/www.aprende-mas.es\/index.php?rest_route=\/wp\/v2\/users\/1"}],"replies":[{"embeddable":true,"href":"https:\/\/www.aprende-mas.es\/index.php?rest_route=%2Fwp%2Fv2%2Fcomments&post=51"}],"version-history":[{"count":6,"href":"https:\/\/www.aprende-mas.es\/index.php?rest_route=\/wp\/v2\/pages\/51\/revisions"}],"predecessor-version":[{"id":216,"href":"https:\/\/www.aprende-mas.es\/index.php?rest_route=\/wp\/v2\/pages\/51\/revisions\/216"}],"up":[{"embeddable":true,"href":"https:\/\/www.aprende-mas.es\/index.php?rest_route=\/wp\/v2\/pages\/12"}],"wp:attachment":[{"href":"https:\/\/www.aprende-mas.es\/index.php?rest_route=%2Fwp%2Fv2%2Fmedia&parent=51"}],"curies":[{"name":"wp","href":"https:\/\/api.w.org\/{rel}","templated":true}]}}