{"id":433,"date":"2014-06-17T09:00:02","date_gmt":"2014-06-17T09:00:02","guid":{"rendered":"https:\/\/www.aprende-mas.es\/?page_id=433"},"modified":"2014-06-17T09:00:02","modified_gmt":"2014-06-17T09:00:02","slug":"terminos-de-uso","status":"publish","type":"page","link":"https:\/\/www.aprende-mas.es\/?page_id=433","title":{"rendered":"T\u00e9rminos de Uso"},"content":{"rendered":"<p><strong>ACUERDO ENTRE EL USUARIO Y Aprende M\u00e1s<\/strong><\/p>\n<p>El Sitio Web Aprende M\u00e1s est\u00e1 compuesto de varias p\u00e1ginas Web operadas por Aprende M\u00e1s.<\/p>\n<p>El sitio Web Aprende M\u00e1s se le ofrece a Usted condicionado a la aceptaci\u00f3n sin excepciones de los t\u00e9rminos, condiciones y avisos aqu\u00ed contenidos. El uso por su parte del sitio Web Aprende M\u00e1s constituye en s\u00ed mismo su aceptaci\u00f3n a todos sus t\u00e9rminos, condiciones y avisos.<\/p>\n<p><strong>MODIFICACIONES A ESTOS T\u00c9RMINOS DE USO<\/strong><\/p>\n<p>Aprende M\u00e1s se reserva el derecho a modificar los t\u00e9rminos, condiciones y avisos bajo los cuales se ofrece el sitio Web Aprende M\u00e1s, incluyendo, pero no limitado a, los cargos asociados por el uso del sitio Web Aprende M\u00e1s<\/p>\n<p><strong>V\u00cdNCULOS A SITIOS DE TERCERAS PARTES<\/strong><\/p>\n<p>El sitio Web Aprende M\u00e1s puede contener v\u00ednculos a otros sitios Web Site (\u00abSitios Vinculados\u00bb). Los Sitios Vinculados no est\u00e1n bajo el control de Aprende M\u00e1s y por tanto Aprende M\u00e1s no es responsable de los contenidos de ning\u00fan Sitio Vinculado, incluyendo sin limitaciones, todo v\u00ednculo contenido en un Sitio Vinculado, o todo cambio o actualizaci\u00f3n de un Sitio Vinculado. Aprende M\u00e1s no es responsable de difusiones v\u00eda Web ni mediante cualquier otra forma de transmisi\u00f3n recibida desde cualquier Sitio Vinculado. Aprende M\u00e1s provee estos v\u00ednculos solamente para su conveniencia, y la inclusi\u00f3n de estos v\u00ednculos no implica aprobaci\u00f3n por parte de Aprende M\u00e1s del sitio, ni asociaci\u00f3n con sus operadores.<\/p>\n<p><strong>NO USO ILEGAL O PROHIBIDO<\/strong><\/p>\n<p>Como una condici\u00f3n al uso por su parte del sitio Web Aprende M\u00e1s, Usted garantiza a Aprende M\u00e1s que no usar\u00e1 el sitio Web Aprende M\u00e1s para prop\u00f3sitos ilegales o prohibidos por estos t\u00e9rminos, condiciones y avisos. Usted no puede usar el sitio Web Aprende M\u00e1s de tal forma que pudiera da\u00f1ar, deshabilitar, sobrecargar o deteriorar el sitio Web Aprende M\u00e1s o interferir con el uso y provecho del sitio Web Aprende M\u00e1s por terceras partes. Usted no puede obtener ni intentar obtener material o informaci\u00f3n utilizando otros medios que aquellos expresa e intencionalmente ofrecidos a tal efecto en el sitio Web Aprende M\u00e1s.<\/p>\n<p><strong>USO DE SERVICIOS DE COMUNICACION<\/strong><\/p>\n<p>El sitio Web Aprende M\u00e1s puede contener servicios de BBS, \u00e1reas de Chat, grupos de usuarios, foros de discusi\u00f3n, comunidades, p\u00e1ginas Web personales, calendarios y\/o otras facilidades de mensajer\u00eda o comunicaci\u00f3n, dise\u00f1adas para permitirle a Usted comunicarse con el p\u00fablico en general o con un grupo de personas (en adelante, \u201cServicios de Comunicaci\u00f3n\u201d). Usted acepta usar los Servicios de Comunicaci\u00f3n s\u00f3lo para anunciar, enviar o recibir mensajes y material que sea apropiado y relativo al Servicio de Comunicaci\u00f3n en particular. A modo de ejemplo, y no limitado a, Usted acepta que cuando utilice un Servicio de Comunicaci\u00f3n, no podr\u00e1:<\/p>\n<ul>\n<li>Difamar, abusar, acosar, acechar, amenazar o de alguna forma violar los derechos legales (como los derechos de privacidad y publicidad) de otros.<\/li>\n<li>Publicar, anunciar, subir, distribuir o diseminar ning\u00fan t\u00f3pico, nombre, material o informaci\u00f3n, que sea inapropiada, indecente, transgresora, difamatoria, obscena o ilegal.<\/li>\n<li>Subir archivos que contengan software u otro material protegido por leyes de propiedad intelectual ( o derechos de privacidad o publicidad) a menos que Usted sea el propietario o controle los derechos respectivos, o haya recibido el necesario consentimiento expreso.<\/li>\n<li>Subir archivos que contengan virus, archivos corruptos, o cualquier otro software o programas que puedan da\u00f1ar la operaci\u00f3n del computador de otro.<\/li>\n<li>Publicar u ofrecer a la venta o a la compra cualquier bien o servicio con prop\u00f3sitos comerciales, excepto en el caso que dicho Servicio de Comunicaci\u00f3n permita espec\u00edficamente ese tipo de mensajes.<\/li>\n<li>Dirigir o reenviar encuestas, cert\u00e1menes, cadenas de cartas o esquemas piramidales.<\/li>\n<li>Bajar archivos subidos por otro usuario de un Servicio de Comunicaci\u00f3n cuando Usted tuviera o razonablemente debiera tener conocimiento de que no deban distribuirse legalmente de esa forma.<\/li>\n<li>Falsificar o eliminar cualquier referencia al autor, referencia legal o avisos o designaciones propietarias o r\u00f3tulos del origen o fuente del software u otro material contenidos en un archivo que se sube.<\/li>\n<li>Restringir o inhibir que otros usuarios puedan usar y disfrutar de los Servicios de Comunicaci\u00f3n.<\/li>\n<li>Violar cualesquiera c\u00f3digos de conducta u otras gu\u00edas que puedan aplicarse a un Servicio de Comunicaci\u00f3n en particular.<\/li>\n<li>Recoger o cualquier forma de recolectar informaci\u00f3n acerca de otros, incluyendo direcciones de correo electr\u00f3nico sin su consentimiento.<\/li>\n<li>Violar leyes o regulaciones aplicables.<\/li>\n<\/ul>\n<p><strong>Aprende M\u00e1s<\/strong> no tiene obligaci\u00f3n de monitorear los Servicios de Comunicaci\u00f3n. No obstante, Aprende M\u00e1s se reserva el derecho de revisar los materiales anunciados en los Servicios de Comunicaci\u00f3n y quitarlos a discreci\u00f3n. Aprende M\u00e1s se reserva el derecho de quitarle a Usted el acceso a cualquiera o todos los Servicios de Comunicaci\u00f3n, en cualquier momento sin previo aviso y por la raz\u00f3n que sea.<\/p>\n<p><strong>Aprende M\u00e1s<\/strong> se reserva el derecho en cualquier momento a revelar informaci\u00f3n cuando sea necesario cumplir con cualesquiera leyes aplicables, regulaciones, procesos legales, pedidos del gobierno, o editar, denegar la publicaci\u00f3n, o eliminar cualquier informaci\u00f3n o material, en su totalidad o en parte, a la sola discreci\u00f3n de Aprende M\u00e1s.<\/p>\n<p>Sea siempre cuidadoso al dar cualquier informaci\u00f3n personal que lo identifique a Usted o a sus hijos en todo Servicio de Comunicaci\u00f3n. Aprende M\u00e1s no controla ni aprueba el contenido, mensajes, o informaci\u00f3n encontrada en los Servicios de Comunicaci\u00f3n y, por tanto, Aprende M\u00e1s niega espec\u00edficamente cualquier responsabilidad en relaci\u00f3n con los Servicios de Comunicaci\u00f3n y con cualesquiera acciones resultantes de su participaci\u00f3n en cualquier Servicio de Comunicaci\u00f3n. Los administradores y anfitriones no son voceros autorizados de Aprende M\u00e1s, y sus puntos de vista no necesariamente reflejan aquellos de Aprende M\u00e1s.<\/p>\n<p>Los materiales subidos a un Servicio de Comunicaci\u00f3n pueden estar sujetos a limitaciones en el uso, reproducci\u00f3n o difusi\u00f3n dispuestas por la persona que los haya subido. Usted es responsable de cumplir con dichas limitaciones si baja esos materiales.<\/p>\n<p><strong>MATERIALES SUMINISTRADOS A Aprende M\u00e1s O PUBLICADOS EN CUALQUIER SITIO WEB DE Aprende M\u00e1s<\/strong><\/p>\n<p>Aprende M\u00e1s no reclama la propiedad de los materiales que Usted suministre a Aprende M\u00e1s (incluyendo comentarios y sugerencias) o anuncie, publique, suba, ingrese, env\u00ede o entregue a cualquier sitio Web de Aprende M\u00e1s o sus servicios asociados (en adelante \u201cEntregas\u201d). Sin embargo, al anunciar, publicar, subir, escribir, suministrar o entregar sus Entregas, Usted est\u00e1 otorgando permiso a Aprende M\u00e1s, a sus compa\u00f1\u00edas afiliadas y licenciatarios necesarios, para usar dichas Entregas en relaci\u00f3n con la operaci\u00f3n de sus respectivos negocios en Internet, incluyendo, sin limitaciones, los derechos a copiar, distribuir, transmitir, mostrar p\u00fablicamente, representar p\u00fablicamente, reproducir, editar, traducir y dar nuevo formato a su Entrega; y a publicitar su nombre en conexi\u00f3n con su Entrega.<\/p>\n<p>No se pagar\u00e1 ninguna compensaci\u00f3n respecto al uso de su Entrega, tal como se describe aqu\u00ed. Aprende M\u00e1s no tiene ninguna obligaci\u00f3n de anunciar, publicar o usar ninguna de las Entregas que Usted pueda suministrar, y puede eliminar o quitar cualquier Entrega que Usted haya suministrado, en cualquier momento y a la sola discreci\u00f3n de Aprende M\u00e1s.<\/p>\n<p>Por el solo hecho de anunciar, subir, escribir, suministrar o entregar sus Entregas, Usted garantiza y representa que Usted es el propietario o de alguna manera controla todos los derechos de su Entrega, como se describe en esta secci\u00f3n; incluyendo, sin limitaciones, todos los derechos necesarios para que Usted suministre, anuncie, suba, ingrese, entregue o env\u00ede las Entregas.<\/p>\n<p><strong>RENUNCIA DE OBLIGACI\u00d3N<\/strong><\/p>\n<p>LA INFORMACI\u00d3N, SOFTWARE, PRODUCTOS Y SERVICIOS INCLUIDOS EN, O DISPONIBLES A TRAV\u00c9S DEL SITIO WEB Aprende M\u00e1s PUEDEN CONTENER INEXACTITUDES O ERRORES TIPOGR\u00c1FICOS. PERI\u00d3DICAMENTE SE REALIZAN MODIFICACIONES Y AGREGADOS A LA INFORMACI\u00d3N AQU\u00cd CONTENIDA. Aprende M\u00e1s Y\/O SUS PROVEEDORES PUEDEN REALIZAR EN CUALQUIER MOMENTO MODIFICACIONES O MEJORAS AL SITIO WEB DE Aprende M\u00e1s. LOS CONSEJOS QUE PUEDAN RECIBIRSE A TRAV\u00c9S DEL SITIO WEB Aprende M\u00e1s NO DEBERIAN TENERSE EN CUENTA PARA LA TOMA DE DECISIONES PERSONALES, M\u00c9DICAS, LEGALES O FINANCIERAS Y USTED DEBER\u00cdA CONSULTAR A UN PROFESIONAL PARA EL ASESORAMIENTO ESPEC\u00cdFICO Y A LA MEDIDA DE SU SITUACI\u00d3N.<\/p>\n<p>Aprende M\u00e1s Y\/O SUS PROVEEDORES, NO SON REPRESENTACI\u00d3N DE LA CONVENIENCIA, CONFIABILIDAD, DISPONIBILIDAD, ACTUALIDAD, NI LA EXACTITUD DE LA INFORMACI\u00d3N, SOFTWARE, PRODUCTOS, SERVICIOS Y GR\u00c1FICOS RELACIONADOS; CONTENIDOS EN EL SITIO WEB DE Aprende M\u00e1s, SEA CUAL FUERE SU PROP\u00d3SITO. DE ACUERDO AL M\u00c1XIMO ALCANCE PERMITIDO POR LAS LEYES APLICABLES, DICHA INFORMACI\u00d3N, SOFTWARE, PRODUCTOS, SERVICIOS Y GR\u00c1FICOS RELACIONADOS, SE ENTRGAN \u201cCOMO SON\u201d, SIN NING\u00daN TIPO DE GARANT\u00cdA O CONDICI\u00d3N. Aprende M\u00e1s Y\/O SUS PROVEEDORES RECHAZAN POR ESTE MEDIO TODAS LAS GARANT\u00cdAS Y CONDICIONES EN RELACI\u00d3N CON ESTA INFORMACI\u00d3N, SOFTWARE, PRODUSCTOS, SERVICIOS Y GR\u00c1FICOS RELACIONADOS, INCLUYENDO TODAS LAS GARANT\u00cdAS O CONDICIONES IMPL\u00cdCITAS EN LA COMERCIALIZACI\u00d3N, ADECUACI\u00d3N A UN PROP\u00d3SITO ESPEC\u00cdFICO, TITULACI\u00d3N Y\/O INFRACCI\u00d3N.<\/p>\n<p>DE ACUERDO AL M\u00c1XIMO ALCANCE PERMITIDO POR LAS LEYES APLICABLES, EN NING\u00daN CASO Aprende M\u00e1s Y\/O SUS PROVEEDORES SER\u00c1N RESPONSABLES POR NING\u00daN DA\u00d1O DIRECTO, INDIRECTO, PUNITIVO, INCIDENTAL, ESPECIAL, CONSECUENTE, O CUALESQUIERA DA\u00d1OS INCLUYENDO, SIN LIMITACIONES, DA\u00d1OS POR P\u00c9RDIDA DE USO, DE DATOS O DE BENEFICIOS SURGIDOS DEL USO, O DE ALGUNA MANERA RELACIONADOS CON EL USO O RENDIMINETO DEL SITIO WEB DE Aprende M\u00e1s, CON LA DEMORA O LA IMPOSIBILIDAD DE USO DEL SITIO WEB Aprende M\u00e1s O SUS SERVICIOS RELACIONADOS, LA PROVISI\u00d3N O FALLA EN LA PROVISI\u00d3N DE SERVICIOS, O POR CUALQUIER INFORMACI\u00d3N, SOFTWARE, PRODUCTOS, SERVICIOS Y GR\u00c1FICOS RELACIONADOS OBTENIDOS A TRAV\u00c9S DEL SITIO WEB DE Aprende M\u00e1s, O DE ALGUNA OTRA MANERA SURGIDOS A PARTIR DEL USO DEL SITIO WEB DE Aprende M\u00e1s, YA SEA QUE SE BASEN EN UN CONTRATO, AGRAVIO, NEGLIGENCIA, ESTRICTA RESPONSABILIDAD, O CUALQUIER OTRA FORMA, AUN CUANDO Aprende M\u00e1s O CUALQUIERA DE SUS PROVEEDORES HAYAN SIDO AVISADOS ACERCA DE LA POSIBILIDAD DE DA\u00d1OS. COMO EN ALGUNAS JURISDICCIONES NO SE PERMITE LA EXCLUSI\u00d3N O LIMITACI\u00d3N DE RESPONSABILIDAD POR DA\u00d1OS INCIDENTALES O CONSECUENTES, LA LIMITACI\u00d3N ARRIBA DETALLADA PUEDE QUE NO SE APLQUE A USTED. SI NO SE ENCUENTRA SATISFECHO CON ALGUNA PARTE DEL SITIO WEB DE Aprende M\u00e1s, O CON ALGUNO DE ESTOS T\u00c9RMINOS DE USO, SU \u00daNICO Y EXCLUSIVO REMEDIO ES DEJAR DE USAR EL SITIO WEB DE Aprende M\u00e1s.<\/p>\n<p><strong>CONTACTO DEL SERVICIO: admin@aprende-mas.es<\/strong><\/p>\n<p><strong>FINALIZACI\u00d3N\/RESTRICCI\u00d3N DE ACCESO<\/strong><\/p>\n<p>Aprende M\u00e1s se reserva el derecho, a su sola discreci\u00f3n, a finalizar su acceso al sitio Web de Aprende M\u00e1s, as\u00ed como a sus servicios relacionados o a cualquier parte de \u00e9stos, en cualquier momento y sin previa notificaci\u00f3n. GENERAL:<\/p>\n<p>De acuerdo al alcance m\u00e1ximo permitido por la ley, este acuerdo est\u00e1 gobernado por las leyes de comercio vigentes en Espa\u00f1a y por consiguiente Usted consiente como jurisdicci\u00f3n exclusiva Almer\u00eda en todas las disputas que surjan del uso o relativas al uso del sitio Web de Aprende M\u00e1s. El uso del sitio Web de Aprende M\u00e1s no est\u00e1 autorizado en jurisdicci\u00f3n alguna que no haga efectivas todas las provisiones de estos t\u00e9rminos y condiciones, incluyendo, sin limitaciones, las contenidas en este p\u00e1rrafo. Usted asiente que como resultado de este acuerdo o por el uso del sitio Web de Aprende M\u00e1s , no existe asociaci\u00f3n, joint venture, relaci\u00f3n de dependencia o empleo, o relaci\u00f3n de agencia alguna, entre Usted y Aprende M\u00e1s. El cumplimiento de este acuerdo por parte de Aprende M\u00e1s est\u00e1 sujeto a las leyes vigentes y al proceso legal, y nada contenido en este acuerdo constituye una derogaci\u00f3n al derecho de Aprende M\u00e1s a obrar de acuerdo a los requisitos, solicitudes o imposiciones legales, del gobierno o de la corte, relacionados con el uso por Usted del sitio Web de Aprende M\u00e1s, o a informaci\u00f3n recogida o suministrada a Aprende M\u00e1s respecto de dicho uso. En caso que se determinara legalmente que alguna parte de este acuerdo fuera inv\u00e1lida o no exigible de acuerdo a la ley, incluyendo sin limitaciones, el rechazo de garant\u00edas y las limitaciones a la responsabilidad establecidas m\u00e1s arriba, entonces la provisi\u00f3n inv\u00e1lida o no exigible se considerar\u00e1 sustituida por una provisi\u00f3n v\u00e1lida y exigible, que se acerque lo m\u00e1s posible a la intenci\u00f3n de la provisi\u00f3n original, y el resto del acuerdo continuar\u00e1 en efecto. Salvo lo especificado aqu\u00ed, este acuerdo constituye el acuerdo completo entre el usuario y Aprende M\u00e1s respecto del sitio Web de Aprende M\u00e1s y reemplaza a todas las comunicaciones y propuestas anteriores o contempor\u00e1neas, hayan sido \u00e9stas electr\u00f3nicas, orales o escritas, entre el usuario y Aprende M\u00e1s respecto del sitio Web de Aprende M\u00e1s. Una versi\u00f3n impresa de este acuerdo y de cualquier notificaci\u00f3n enviada en forma electr\u00f3nica, ser\u00e1n admitidas en procedimientos judiciales o administrativos basados en este acuerdo o relacionados con \u00e9l, y tendr\u00e1n el mismo alcance y estar\u00e1n sujetas a las mismas condiciones que otros documentos y registros comerciales generados y mantenidos originalmente en forma impresa. Es el deseo expreso de las partes que este acuerdo y los documentos relacionados sean escritos en espa\u00f1ol.<\/p>\n<p><strong>DERECHO DE PROPIEDAD Y MARCAS COMERCIALES:<\/strong><\/p>\n<p>Todos los contenidos del sitio Web de Aprende M\u00e1s son: Aprende M\u00e1s y \/o sus proveedores. Todos los derechos reservados.<\/p>\n<p><strong>MARCAS COMERCIALES<\/strong><\/p>\n<p>Los nombres de compa\u00f1\u00edas y productos reales mencionados aqu\u00ed pueden ser marcas comerciales de sus respectivos propietarios.<\/p>\n<p>Los nombres usados en ejemplos de compa\u00f1\u00edas, organizaciones, productos, personas y eventos descritos aqu\u00ed son ficticios. No debe asociarse o inferirse relaci\u00f3n alguna con ninguna compa\u00f1\u00eda, organizaci\u00f3n, producto, persona o evento reales.<\/p>\n<p>Cualesquiera drechos no expresamente otorgados aqu\u00ed son reservados.<\/p>\n","protected":false},"excerpt":{"rendered":"<p>ACUERDO ENTRE EL USUARIO Y Aprende M\u00e1s El Sitio Web Aprende M\u00e1s est\u00e1 compuesto de varias p\u00e1ginas Web operadas por Aprende M\u00e1s. El sitio Web Aprende M\u00e1s se le ofrece a Usted condicionado a la aceptaci\u00f3n sin excepciones de los t\u00e9rminos, condiciones y avisos aqu\u00ed contenidos. El uso por su parte del sitio Web Aprende [&hellip;]<\/p>\n","protected":false},"author":1,"featured_media":0,"parent":0,"menu_order":0,"comment_status":"closed","ping_status":"open","template":"","meta":{"footnotes":""},"_links":{"self":[{"href":"https:\/\/www.aprende-mas.es\/index.php?rest_route=\/wp\/v2\/pages\/433"}],"collection":[{"href":"https:\/\/www.aprende-mas.es\/index.php?rest_route=\/wp\/v2\/pages"}],"about":[{"href":"https:\/\/www.aprende-mas.es\/index.php?rest_route=\/wp\/v2\/types\/page"}],"author":[{"embeddable":true,"href":"https:\/\/www.aprende-mas.es\/index.php?rest_route=\/wp\/v2\/users\/1"}],"replies":[{"embeddable":true,"href":"https:\/\/www.aprende-mas.es\/index.php?rest_route=%2Fwp%2Fv2%2Fcomments&post=433"}],"version-history":[{"count":1,"href":"https:\/\/www.aprende-mas.es\/index.php?rest_route=\/wp\/v2\/pages\/433\/revisions"}],"predecessor-version":[{"id":434,"href":"https:\/\/www.aprende-mas.es\/index.php?rest_route=\/wp\/v2\/pages\/433\/revisions\/434"}],"wp:attachment":[{"href":"https:\/\/www.aprende-mas.es\/index.php?rest_route=%2Fwp%2Fv2%2Fmedia&parent=433"}],"curies":[{"name":"wp","href":"https:\/\/api.w.org\/{rel}","templated":true}]}}