{"id":431,"date":"2014-06-17T08:44:26","date_gmt":"2014-06-17T08:44:26","guid":{"rendered":"https:\/\/www.aprende-mas.es\/?page_id=431"},"modified":"2014-06-17T08:44:26","modified_gmt":"2014-06-17T08:44:26","slug":"declaracion-de-privacidad","status":"publish","type":"page","link":"https:\/\/www.aprende-mas.es\/?page_id=431","title":{"rendered":"Declaraci\u00f3n de Privacidad"},"content":{"rendered":"<p><strong>Aprende M\u00e1s<\/strong> est\u00e1 comprometida a proteger su privacidad y la tecnolog\u00eda de desarrollo que le brinda la experiencia en l\u00ednea m\u00e1s potente y segura. Esta Declaraci\u00f3n de Privacidad est\u00e1 relacionada con el sitio Web de Aprende M\u00e1s y abarca la recolecci\u00f3n de datos y su uso. Al utilizar el sitio Aprende M\u00e1s, Usted acepta las pr\u00e1cticas utilizadas en relaci\u00f3n a los datos que se describen en esta declaraci\u00f3n.<\/p>\n<p><strong>Recolecci\u00f3n de su Informaci\u00f3n Personal<\/strong><\/p>\n<p>Aprende M\u00e1s recolecta informaci\u00f3n de identificaci\u00f3n personal, como su direcci\u00f3n de correo electr\u00f3nico (e-mail), nombre, direcci\u00f3n del trabajo o de su casa, o su n\u00famero telef\u00f3nico. <strong>Aprende M\u00e1s<\/strong> tambi\u00e9n recaba informaci\u00f3n demogr\u00e1fica an\u00f3nima, en el sentido que no es aplicable s\u00f3lo a Usted, como por ejemplo el c\u00f3digo postal, edad, sexo, preferencias, intereses y favoritos.<\/p>\n<p>Tambi\u00e9n existe informaci\u00f3n acerca del hardware y software de su computador personal, que se recaba autom\u00e1ticamente por Aprende M\u00e1s. Esta informaci\u00f3n puede incluir: su direcci\u00f3n IP, tipo de explorador de Internet usado, nombres de dominio, tiempos de acceso y direcciones de sitios Web que hacen referencia a \u00e9ste. Esta informaci\u00f3n es utilizada por Aprende M\u00e1s para la operaci\u00f3n del servicio, para mantener la calidad del servicio prestado y para brindar estad\u00edsticas generales acerca del uso del sitio Aprende M\u00e1s.<\/p>\n<p>Por favor tenga en cuenta que si Usted divulga directamente informaci\u00f3n de identificaci\u00f3n personal o datos privados a trav\u00e9s de las herramientas p\u00fablicas de comunicaci\u00f3n en l\u00ednea ofrecidas por Aprende M\u00e1s, dicha informaci\u00f3n puede ser recogida y usada por otros. Nota: Aprende M\u00e1s no lee ninguna de sus comunicaciones en l\u00ednea privadas.<\/p>\n<p>Aprende M\u00e1s lo alienta a que revise las declaraciones de privacidad de otros sitios Web a los que Usted elija vincular desde Aprende M\u00e1s de manera que pueda comprender c\u00f3mo recogen \u00e9stos su informaci\u00f3n y si eventualmente la comparten con otros. Aprende M\u00e1s no es responsable por declaraciones de privacidad ni otros contenidos que se encuentren en sitios Web fuera de Aprende M\u00e1s y de la familia de sitios Web de Aprende M\u00e1s.<\/p>\n<p>Utilizaci\u00f3n de su Informaci\u00f3n Personal<\/p>\n<p>Aprende M\u00e1s recaba y utiliza su informaci\u00f3n personal para operar el sitio Web Aprende M\u00e1s y brindarle los servicios que Usted haya solicitado. Aprende M\u00e1s tambi\u00e9n utiliza la informaci\u00f3n de su identificaci\u00f3n personal para informarlo acerca de otros productos o servicios disponibles en Aprende M\u00e1s y sus subsidiarias. Aprende M\u00e1s puede tambi\u00e9n ponerse en contacto con Usted mediante encuestas, para conocer su opini\u00f3n sobre los servicios prestados actualmente o potenciales servicios a ofrecer en el futuro.<\/p>\n<p>Aprende M\u00e1s no vende, alquila o arrienda su lista de clientes a terceras partes. Espor\u00e1dicamente Aprende M\u00e1s puede contactarlo de parte de socios de negocios externos para ofrecerle alguna oferta particular que pueda ser de su inter\u00e9s. En estos casos, la informaci\u00f3n de su identificaci\u00f3n personal (e-mail, nombre, direcci\u00f3n, tel\u00e9fono) no es transferida al socio de negocios. Adem\u00e1s, Aprende M\u00e1s s\u00ed puede compartir datos con socios confiables que ayudan y\/o en los que delega el an\u00e1lisis estad\u00edstico, el env\u00edo de correo electr\u00f3nico o postal, la atenci\u00f3n al cliente, o los arreglos para la distribuci\u00f3n y entrega. Todas estas terceras partes tienen expresamente prohibido el uso de la informaci\u00f3n personal que pueda identificarlo salvo para poder proveer estos servicios a Aprende M\u00e1s, y est\u00e1n obligados a mantener la confidencialidad de su informaci\u00f3n.<\/p>\n<p>Aprende M\u00e1s no utiliza ni divulga informaci\u00f3n personal privada como raza, religi\u00f3n o afiliaciones pol\u00edticas sin su consentimiento expreso.<\/p>\n<p>Aprende M\u00e1s rastrea los sitios Web y las p\u00e1ginas que visitan nuestros clientes dentro de Aprende M\u00e1s, para poder determinar cu\u00e1les son los servicios de Aprende M\u00e1s m\u00e1s populares. Estos datos son utilizados para presentar contenidos y publicidades personalizadas en el sitio de Aprende M\u00e1s a clientes cuyo comportamiento indica que tienen un particular inter\u00e9s en un \u00e1rea determinada.<\/p>\n<p>Los sitios Web de Aprende M\u00e1s divulgar\u00e1n su informaci\u00f3n personal, sin notificarlo, s\u00f3lo cuando as\u00ed sea requerido por la ley o cuando se crea de buena fe que dicha acci\u00f3n es necesaria para: (a) conformar edictos legales o el cumplimiento de un proceso legal realizado sobre Aprende M\u00e1s o el sitio; (b) proteger y defender los derechos o propiedad de Aprende M\u00e1s; y, (c) actuar bajo circunstancias extremas, para proteger la seguridad de los usuarios de Aprende M\u00e1s, o del p\u00fablico.<\/p>\n<p><strong>Uso de \u201cCookies\u201d<\/strong><\/p>\n<p>El sitio Web Aprende M\u00e1s utiliza \u00abcookies\u00bb para almacenar sus preferencias ayud\u00e1ndolo a personalizar su experiencia en l\u00ednea. Una cookie es un archivo de texto que es grabado en su disco duro por un servidor de p\u00e1ginas Web. Las cookies no pueden ser utilizadas para ejecutar programas o distribuir virus inform\u00e1ticos a su computadora. Las cookies son asignadas a Usted por el servidor en relaci\u00f3n uno-a-uno, y pueden ser le\u00eddas \u00fanicamente por un servidor miembro del dominio que emiti\u00f3 la cookie para Usted.<\/p>\n<p>Una de las principales ventajas de las cookies es que le ahorran tiempo. El prop\u00f3sito de una cookie es informarle al servidor Web que Usted ha regresado a una p\u00e1gina espec\u00edfica. Por ejemplo, cuando Usted personaliza p\u00e1ginas en Aprende M\u00e1s, o cuando se registra en el sitio Aprende M\u00e1s, la cookie grabada permite al servidor Web de Aprende M\u00e1s recuperar su informaci\u00f3n espec\u00edfica en las subsiguientes visitas. Esto simplifica el proceso de registrar su informaci\u00f3n personal como direcci\u00f3n de cobro, direcci\u00f3n de env\u00edo, etc. La pr\u00f3xima vez que regrese al mimo sitio Web de Aprende M\u00e1s, la informaci\u00f3n que Usted suministr\u00f3 anteriormente puede ser recuperada de la cookie, y as\u00ed las opciones que Usted haya personalizado en su visita anterior a Aprende M\u00e1s estar\u00e1n disponibles sin necesidad de que deba escribirlas nuevamente.<\/p>\n<p>Usted tiene la posibilidad de aceptar o rechazar cookies. La mayor\u00eda de los exploradores de Internet aceptan las cookies autom\u00e1ticamente, pero si lo prefiere Usted puede modificar la configuraci\u00f3n para que las rechace. Si escoge que el explorador rechace cookies, es probable que no pueda aprovechar en su totalidad las caracter\u00edsticas interactivas de los servicios ofrecidos en Aprende M\u00e1s o en los sitios Web que visite.<\/p>\n<p><strong>Seguridad de su Informaci\u00f3n Personal<\/strong><\/p>\n<p>Aprende M\u00e1s asegura su informaci\u00f3n personal frente al acceso, uso o divulgaci\u00f3n no autorizados. Aprende M\u00e1s mantiene la informaci\u00f3n de identificaci\u00f3n personal que Usted haya provisto, en servidores ubicados en un ambiente controlado y seguro, protegidos del acceso, uso o divulgaci\u00f3n no autorizados. En caso de que informaci\u00f3n personal (como el n\u00famero de su tarjeta de cr\u00e9dito) sea transmitida a otros sitios Web, \u00e9sta se protege mediante el uso de protocolos cifrados como el protocolo SSL (Secure Sockets Layer).<\/p>\n<p><strong>Modificaciones a esta Declaraci\u00f3n<\/strong><\/p>\n<p>Aprende M\u00e1s podr\u00e1 ocasionalmente actualizar esta Declaraci\u00f3n de Privacidad para reflejar las sugerencias tanto de la compa\u00f1\u00eda como de los clientes. En Aprende M\u00e1s lo alentamos a que revise peri\u00f3dicamente esta Declaraci\u00f3n para estar informado de c\u00f3mo Aprende M\u00e1s protege su informaci\u00f3n.<\/p>\n<p><strong>Informaci\u00f3n de Contacto<\/strong><\/p>\n<p>Aprende M\u00e1s recibe con agrado sus comentarios relativos a esta Declaraci\u00f3n de Privacidad. Si Usted cree que Aprende M\u00e1s no se ha ce\u00f1ido a esta Declaraci\u00f3n, por favor, p\u00f3ngase en contacto con Aprende M\u00e1s a trav\u00e9s de admin@aprende-mas.es. Pondremos nuestros mejores esfuerzos comercialmente razonables para determinar r\u00e1pidamente el problema y remediarlo cuanto antes.<\/p>\n","protected":false},"excerpt":{"rendered":"<p>Aprende M\u00e1s est\u00e1 comprometida a proteger su privacidad y la tecnolog\u00eda de desarrollo que le brinda la experiencia en l\u00ednea m\u00e1s potente y segura. Esta Declaraci\u00f3n de Privacidad est\u00e1 relacionada con el sitio Web de Aprende M\u00e1s y abarca la recolecci\u00f3n de datos y su uso. Al utilizar el sitio Aprende M\u00e1s, Usted acepta las [&hellip;]<\/p>\n","protected":false},"author":1,"featured_media":0,"parent":0,"menu_order":0,"comment_status":"closed","ping_status":"open","template":"","meta":{"footnotes":""},"_links":{"self":[{"href":"https:\/\/www.aprende-mas.es\/index.php?rest_route=\/wp\/v2\/pages\/431"}],"collection":[{"href":"https:\/\/www.aprende-mas.es\/index.php?rest_route=\/wp\/v2\/pages"}],"about":[{"href":"https:\/\/www.aprende-mas.es\/index.php?rest_route=\/wp\/v2\/types\/page"}],"author":[{"embeddable":true,"href":"https:\/\/www.aprende-mas.es\/index.php?rest_route=\/wp\/v2\/users\/1"}],"replies":[{"embeddable":true,"href":"https:\/\/www.aprende-mas.es\/index.php?rest_route=%2Fwp%2Fv2%2Fcomments&post=431"}],"version-history":[{"count":1,"href":"https:\/\/www.aprende-mas.es\/index.php?rest_route=\/wp\/v2\/pages\/431\/revisions"}],"predecessor-version":[{"id":432,"href":"https:\/\/www.aprende-mas.es\/index.php?rest_route=\/wp\/v2\/pages\/431\/revisions\/432"}],"wp:attachment":[{"href":"https:\/\/www.aprende-mas.es\/index.php?rest_route=%2Fwp%2Fv2%2Fmedia&parent=431"}],"curies":[{"name":"wp","href":"https:\/\/api.w.org\/{rel}","templated":true}]}}