{"id":39,"date":"2014-02-21T15:06:59","date_gmt":"2014-02-21T15:06:59","guid":{"rendered":"https:\/\/www.aprende-mas.es\/?page_id=39"},"modified":"2014-05-09T08:30:38","modified_gmt":"2014-05-09T08:30:38","slug":"enuresis","status":"publish","type":"page","link":"https:\/\/www.aprende-mas.es\/?page_id=39","title":{"rendered":"Enuresis Infantil"},"content":{"rendered":"<h3><a href=\"https:\/\/www.aprende-mas.es\/wp-content\/uploads\/2014\/02\/enuresis.jpg\"><img decoding=\"async\" loading=\"lazy\" class=\"size-medium wp-image-40 alignright\" alt=\"enuresis\" src=\"https:\/\/www.aprende-mas.es\/wp-content\/uploads\/2014\/02\/enuresis-300x277.jpg\" width=\"300\" height=\"277\" srcset=\"https:\/\/www.aprende-mas.es\/wp-content\/uploads\/2014\/02\/enuresis-300x277.jpg 300w, https:\/\/www.aprende-mas.es\/wp-content\/uploads\/2014\/02\/enuresis.jpg 580w\" sizes=\"(max-width: 300px) 100vw, 300px\" \/><\/a>\u00bfSe identifica con alguna de estas situaciones?<\/h3>\n<ul>\n<li>\u00bfSu hijo tiene m\u00e1s de 5 a\u00f1os y contin\u00faa haci\u00e9ndose pis una vez a la semana o m\u00e1s?<\/li>\n<li>\u00bfControla el pis por el d\u00eda pero por la noche se lo hace encima, no se despierta para ir al ba\u00f1o, dice que tiene miedo a levantarse, que su sue\u00f1o es muy profundo?<\/li>\n<li>Controla el pis pero antes \u00f3 despu\u00e9s de un acontecimiento importante (nacimiento de un hermano, viajes, fiestas, exigencias escolares) se lo hace encima.<\/li>\n<li>Este es un problema muy frecuente que crea mucha angustia e inseguridad, no solo a los padres, sino sobretodo a los ni\u00f1os y ni\u00f1as que la padecen.<\/li>\n<\/ul>\n<p><strong>Comentamos t\u00fa problema desde Aprende M\u00e1s podemos ayudarte.<\/strong><\/p>\n","protected":false},"excerpt":{"rendered":"<p>\u00bfSe identifica con alguna de estas situaciones? \u00bfSu hijo tiene m\u00e1s de 5 a\u00f1os y contin\u00faa haci\u00e9ndose pis una vez a la semana o m\u00e1s? \u00bfControla el pis por el d\u00eda pero por la noche se lo hace encima, no se despierta para ir al ba\u00f1o, dice que tiene miedo a levantarse, que su sue\u00f1o [&hellip;]<\/p>\n","protected":false},"author":1,"featured_media":0,"parent":12,"menu_order":4,"comment_status":"closed","ping_status":"open","template":"","meta":{"footnotes":""},"_links":{"self":[{"href":"https:\/\/www.aprende-mas.es\/index.php?rest_route=\/wp\/v2\/pages\/39"}],"collection":[{"href":"https:\/\/www.aprende-mas.es\/index.php?rest_route=\/wp\/v2\/pages"}],"about":[{"href":"https:\/\/www.aprende-mas.es\/index.php?rest_route=\/wp\/v2\/types\/page"}],"author":[{"embeddable":true,"href":"https:\/\/www.aprende-mas.es\/index.php?rest_route=\/wp\/v2\/users\/1"}],"replies":[{"embeddable":true,"href":"https:\/\/www.aprende-mas.es\/index.php?rest_route=%2Fwp%2Fv2%2Fcomments&post=39"}],"version-history":[{"count":2,"href":"https:\/\/www.aprende-mas.es\/index.php?rest_route=\/wp\/v2\/pages\/39\/revisions"}],"predecessor-version":[{"id":54,"href":"https:\/\/www.aprende-mas.es\/index.php?rest_route=\/wp\/v2\/pages\/39\/revisions\/54"}],"up":[{"embeddable":true,"href":"https:\/\/www.aprende-mas.es\/index.php?rest_route=\/wp\/v2\/pages\/12"}],"wp:attachment":[{"href":"https:\/\/www.aprende-mas.es\/index.php?rest_route=%2Fwp%2Fv2%2Fmedia&parent=39"}],"curies":[{"name":"wp","href":"https:\/\/api.w.org\/{rel}","templated":true}]}}