{"id":318,"date":"2014-04-23T14:53:03","date_gmt":"2014-04-23T14:53:03","guid":{"rendered":"https:\/\/www.aprende-mas.es\/?page_id=318"},"modified":"2014-05-09T08:30:55","modified_gmt":"2014-05-09T08:30:55","slug":"mediacion-familiar-ante-separacion","status":"publish","type":"page","link":"https:\/\/www.aprende-mas.es\/?page_id=318","title":{"rendered":"Mediaci\u00f3n familiar ante la separaci\u00f3n"},"content":{"rendered":"<p><a href=\"https:\/\/www.aprende-mas.es\/wp-content\/uploads\/2014\/04\/mediacion-familiar.jpg\"><img decoding=\"async\" loading=\"lazy\" class=\"size-medium wp-image-321 alignright\" alt=\"mediacion-familiar\" src=\"https:\/\/www.aprende-mas.es\/wp-content\/uploads\/2014\/04\/mediacion-familiar-300x153.jpg\" width=\"300\" height=\"153\" srcset=\"https:\/\/www.aprende-mas.es\/wp-content\/uploads\/2014\/04\/mediacion-familiar-300x153.jpg 300w, https:\/\/www.aprende-mas.es\/wp-content\/uploads\/2014\/04\/mediacion-familiar.jpg 940w\" sizes=\"(max-width: 300px) 100vw, 300px\" \/><\/a>Cuando ya hemos decidido y resuelto separarnos, se hace fundamental e imprescindible un proceso de Mediaci\u00f3n. La Mediaci\u00f3n puede marcar la diferencia entre una separaci\u00f3n conflictiva y una separaci\u00f3n serena donde todos los acuerdos est\u00e9n consensuados y ambos se esfuercen por llevarlos a cabo.<\/p>\n<p>Nos separamos nosotros s\u00ed; ya no somos pareja, pero seguimos siendo padres y \u00e9ste hecho nos unir\u00e1 de por vida. El entendimiento y los acuerdos para que nuestra parentalidad contin\u00fae siendo fructuosa y positiva se llevan a cabo mediante un proceso de Mediaci\u00f3n. El mediador arbitra, no opina, simplemente ayuda a plasmar lo que ambos consider\u00e9is y a llegar a los acuerdos pertinentes.<\/p>\n<p><strong>Si hab\u00e9is tomado la decisi\u00f3n de la separaci\u00f3n tomad esta herramienta como necesaria en vuestro proceso.<\/strong><\/p>\n","protected":false},"excerpt":{"rendered":"<p>Cuando ya hemos decidido y resuelto separarnos, se hace fundamental e imprescindible un proceso de Mediaci\u00f3n. La Mediaci\u00f3n puede marcar la diferencia entre una separaci\u00f3n conflictiva y una separaci\u00f3n serena donde todos los acuerdos est\u00e9n consensuados y ambos se esfuercen por llevarlos a cabo. Nos separamos nosotros s\u00ed; ya no somos pareja, pero seguimos siendo [&hellip;]<\/p>\n","protected":false},"author":1,"featured_media":0,"parent":81,"menu_order":5,"comment_status":"closed","ping_status":"open","template":"","meta":{"footnotes":""},"_links":{"self":[{"href":"https:\/\/www.aprende-mas.es\/index.php?rest_route=\/wp\/v2\/pages\/318"}],"collection":[{"href":"https:\/\/www.aprende-mas.es\/index.php?rest_route=\/wp\/v2\/pages"}],"about":[{"href":"https:\/\/www.aprende-mas.es\/index.php?rest_route=\/wp\/v2\/types\/page"}],"author":[{"embeddable":true,"href":"https:\/\/www.aprende-mas.es\/index.php?rest_route=\/wp\/v2\/users\/1"}],"replies":[{"embeddable":true,"href":"https:\/\/www.aprende-mas.es\/index.php?rest_route=%2Fwp%2Fv2%2Fcomments&post=318"}],"version-history":[{"count":4,"href":"https:\/\/www.aprende-mas.es\/index.php?rest_route=\/wp\/v2\/pages\/318\/revisions"}],"predecessor-version":[{"id":323,"href":"https:\/\/www.aprende-mas.es\/index.php?rest_route=\/wp\/v2\/pages\/318\/revisions\/323"}],"up":[{"embeddable":true,"href":"https:\/\/www.aprende-mas.es\/index.php?rest_route=\/wp\/v2\/pages\/81"}],"wp:attachment":[{"href":"https:\/\/www.aprende-mas.es\/index.php?rest_route=%2Fwp%2Fv2%2Fmedia&parent=318"}],"curies":[{"name":"wp","href":"https:\/\/api.w.org\/{rel}","templated":true}]}}