{"id":281,"date":"2014-04-04T14:50:54","date_gmt":"2014-04-04T14:50:54","guid":{"rendered":"https:\/\/www.aprende-mas.es\/?page_id=281"},"modified":"2014-05-09T08:30:38","modified_gmt":"2014-05-09T08:30:38","slug":"tecnicas-de-estudio","status":"publish","type":"page","link":"https:\/\/www.aprende-mas.es\/?page_id=281","title":{"rendered":"T\u00e9cnicas de estudio"},"content":{"rendered":"<h3><a href=\"https:\/\/www.aprende-mas.es\/wp-content\/uploads\/2014\/04\/tecnicas-estudio.jpg\"><img decoding=\"async\" loading=\"lazy\" class=\"size-medium wp-image-285 alignright\" alt=\"tecnicas-estudio\" src=\"https:\/\/www.aprende-mas.es\/wp-content\/uploads\/2014\/04\/tecnicas-estudio-300x225.jpg\" width=\"300\" height=\"225\" srcset=\"https:\/\/www.aprende-mas.es\/wp-content\/uploads\/2014\/04\/tecnicas-estudio-300x225.jpg 300w, https:\/\/www.aprende-mas.es\/wp-content\/uploads\/2014\/04\/tecnicas-estudio.jpg 678w\" sizes=\"(max-width: 300px) 100vw, 300px\" \/><\/a>Plant\u00e9ese si le son familiares los siguientes S\u00edntomas:<\/h3>\n<ul>\n<li>\u00bfSiente que la organizaci\u00f3n y planificaci\u00f3n del estudio de su hijo no es la adecuada?<\/li>\n<li>\u00bfSu hijo no sigue ning\u00fan m\u00e9todo de estudio, solo repite en voz alta?<\/li>\n<li>\u00bfSu hijo no se pone a estudiar, y cuando lo hace es poco tiempo?<\/li>\n<li>\u00bfRealizar tareas o estudiar se ha convertido en una lucha de poder?<\/li>\n<li>\u00bfSu hijo estudia muchas horas pero, su hijo no saca rendimiento y esta desmotivado?<\/li>\n<\/ul>\n<p><strong>\u201cSin m\u00e9todo el estudio es frustrante y el olvido es constante\u201d<\/strong><\/p>\n<p>Podemos ense\u00f1ar, implementar y mejorar los m\u00e9todos y t\u00e9cnicas de estudio de las que dispone el ni\u00f1o.<\/p>\n<p>Dotarle de herramientas acad\u00e9micas para aumentar su eficacia y eficiencia. Desarrollar una planificaci\u00f3n y organizaci\u00f3n del tiempo (diario, semanal y mensual). Todo ello contribuir\u00e1 a un aumento de la Autoestima y motivaci\u00f3n hacia el estudio. Obtendremos un Mejor\u00eda de las calificaciones y actitudes del alumno.<\/p>\n<p>Para un estudiante es muy importante formarse un h\u00e1bito de estudio eficiente, pues esto ser\u00e1 el \u00e9xito en la internalizaci\u00f3n del conocimiento adquirido y le brindar\u00e1 la posibilidad de rendir en sus ex\u00e1menes tranquilo.<\/p>\n<p>Estudiar no significa <strong>\u00abaprender de memoria\u00bb<\/strong> alg\u00fan t\u00f3pico espec\u00edfico, pues la memoria es fr\u00e1gil y con toda seguridad pasado el per\u00edodo de ex\u00e1menes olvidar\u00e1 lo que seg\u00fan \u00e9l \u00abestudi\u00f3\u00bb.<\/p>\n<p>El estudiante no debe conformarse con <strong>\u00abestudiar\u00bb<\/strong> para una prueba o examen. El estudiante no debe \u00abestudiar\u00bb para una nota. Este debe realmente preocuparse de estudiar para aprender, pues as\u00ed estar\u00e1 manejando la informaci\u00f3n y las herramientas que utilizar\u00e1 despu\u00e9s en cursos superiores y posteriormente en su desarrollo profesional.<\/p>\n<p>Las <strong>t\u00e9cnicas de estudio<\/strong> pretenden entregar una orientaci\u00f3n sobre c\u00f3mo estudiar de forma eficiente, reconociendo que no existe una norma general, sino que cada alumno debe crear\/adecuar su propio h\u00e1bito de estudio.<\/p>\n<p>Las <strong>t\u00e9cnicas de estudio<\/strong> que se ense\u00f1aran\u00a0 est\u00e1n orientadas a crear h\u00e1bitos de trabajo individual que permitan al estudiante obtener el m\u00e1ximo provecho de sus lecturas individuales. Estas t\u00e9cnicas resumen la experiencia acumulada en el trabajo universitario y se basan en t\u00e9cnicas modernas de aprendizaje cient\u00edficamente comprobadas.<\/p>\n","protected":false},"excerpt":{"rendered":"<p>Plant\u00e9ese si le son familiares los siguientes S\u00edntomas: \u00bfSiente que la organizaci\u00f3n y planificaci\u00f3n del estudio de su hijo no es la adecuada? \u00bfSu hijo no sigue ning\u00fan m\u00e9todo de estudio, solo repite en voz alta? \u00bfSu hijo no se pone a estudiar, y cuando lo hace es poco tiempo? \u00bfRealizar tareas o estudiar se [&hellip;]<\/p>\n","protected":false},"author":1,"featured_media":0,"parent":12,"menu_order":6,"comment_status":"closed","ping_status":"open","template":"","meta":{"footnotes":""},"_links":{"self":[{"href":"https:\/\/www.aprende-mas.es\/index.php?rest_route=\/wp\/v2\/pages\/281"}],"collection":[{"href":"https:\/\/www.aprende-mas.es\/index.php?rest_route=\/wp\/v2\/pages"}],"about":[{"href":"https:\/\/www.aprende-mas.es\/index.php?rest_route=\/wp\/v2\/types\/page"}],"author":[{"embeddable":true,"href":"https:\/\/www.aprende-mas.es\/index.php?rest_route=\/wp\/v2\/users\/1"}],"replies":[{"embeddable":true,"href":"https:\/\/www.aprende-mas.es\/index.php?rest_route=%2Fwp%2Fv2%2Fcomments&post=281"}],"version-history":[{"count":4,"href":"https:\/\/www.aprende-mas.es\/index.php?rest_route=\/wp\/v2\/pages\/281\/revisions"}],"predecessor-version":[{"id":286,"href":"https:\/\/www.aprende-mas.es\/index.php?rest_route=\/wp\/v2\/pages\/281\/revisions\/286"}],"up":[{"embeddable":true,"href":"https:\/\/www.aprende-mas.es\/index.php?rest_route=\/wp\/v2\/pages\/12"}],"wp:attachment":[{"href":"https:\/\/www.aprende-mas.es\/index.php?rest_route=%2Fwp%2Fv2%2Fmedia&parent=281"}],"curies":[{"name":"wp","href":"https:\/\/api.w.org\/{rel}","templated":true}]}}