{"id":279,"date":"2014-04-04T14:49:40","date_gmt":"2014-04-04T14:49:40","guid":{"rendered":"https:\/\/www.aprende-mas.es\/?page_id=279"},"modified":"2024-09-26T09:52:28","modified_gmt":"2024-09-26T09:52:28","slug":"quienes-somos","status":"publish","type":"page","link":"https:\/\/www.aprende-mas.es\/?page_id=279","title":{"rendered":"Qui\u00e9nes Somos"},"content":{"rendered":"<h2 style=\"text-align: center;\">LUIS LEBRUSAN BARRERA<\/h2>\n<h3><strong>Psic\u00f3logo General Sanitario n\u00famero de colegiado M-18.594<\/strong><a href=\"https:\/\/www.aprende-mas.es\/wp-content\/uploads\/2014\/04\/foto-LML.jpg\"><img decoding=\"async\" loading=\"lazy\" class=\" wp-image-791 alignright\" src=\"https:\/\/www.aprende-mas.es\/wp-content\/uploads\/2014\/04\/foto-LML-163x300.jpg\" alt=\"\" width=\"194\" height=\"357\" srcset=\"https:\/\/www.aprende-mas.es\/wp-content\/uploads\/2014\/04\/foto-LML-163x300.jpg 163w, https:\/\/www.aprende-mas.es\/wp-content\/uploads\/2014\/04\/foto-LML.jpg 188w\" sizes=\"(max-width: 194px) 100vw, 194px\" \/><\/a><\/h3>\n<p><span style=\"font-size: 1.4rem;\">Especialista en Psicolog\u00eda cl\u00ednica por la Universidad Complutense de Madrid.<\/span><\/p>\n<p><span style=\"font-size: 1.4rem;\">Experto en psicoterapia cognitivo &#8211; conductual en la infancia y la adolescencia.<\/span><\/p>\n<p><span style=\"font-size: 1.4rem;\">Director del gabinete de psicolog\u00eda Aprende m\u00e1s psicolog\u00eda aplicada.<\/span><\/p>\n<p><span style=\"font-size: 1.4rem;\">Psicoterapeuta para ni\u00f1os, adolescentes y sus familias.<\/span><\/p>\n<p><span style=\"font-size: 1.4rem;\">Redacci\u00f3n de publicaciones y art\u00edculos para diversas revistas y plataformas.<\/span><\/p>\n<p><span style=\"font-size: 1.4rem;\">Colaboraci\u00f3n activa con diversas empresas y colectivos: Football for Unity, Mobile One2One, LOLA Madrid, etc.<\/span><\/p>\n<p><span style=\"font-size: 1.4rem;\">Realizaci\u00f3n y desarrollo de cursos y talleres para diversas plataformas virtuales.<\/span><\/p>\n<h2 style=\"text-align: center;\"><a href=\"mailto:luislebrusan@aprende-mas.es\">luislebrusan@aprende-mas.es<\/a> [] Tlf.\/Wasap: 653533447<\/h2>\n<p><!--more--><\/p>\n<h2 style=\"text-align: center;\"><a href=\"https:\/\/g.co\/kgs\/7xnHdeU\">Calle Buganvilla 4. Local 2. 28036 Madrid.<\/a><\/h2>\n","protected":false},"excerpt":{"rendered":"<p>LUIS LEBRUSAN BARRERA Psic\u00f3logo General Sanitario n\u00famero de colegiado M-18.594 Especialista en Psicolog\u00eda cl\u00ednica por la Universidad Complutense de Madrid. Experto en psicoterapia cognitivo &#8211; conductual en la infancia y la adolescencia. Director del gabinete de psicolog\u00eda Aprende m\u00e1s psicolog\u00eda aplicada. Psicoterapeuta para ni\u00f1os, adolescentes y sus familias. Redacci\u00f3n de publicaciones y art\u00edculos para diversas [&hellip;]<\/p>\n","protected":false},"author":1,"featured_media":791,"parent":0,"menu_order":0,"comment_status":"closed","ping_status":"open","template":"","meta":{"footnotes":""},"_links":{"self":[{"href":"https:\/\/www.aprende-mas.es\/index.php?rest_route=\/wp\/v2\/pages\/279"}],"collection":[{"href":"https:\/\/www.aprende-mas.es\/index.php?rest_route=\/wp\/v2\/pages"}],"about":[{"href":"https:\/\/www.aprende-mas.es\/index.php?rest_route=\/wp\/v2\/types\/page"}],"author":[{"embeddable":true,"href":"https:\/\/www.aprende-mas.es\/index.php?rest_route=\/wp\/v2\/users\/1"}],"replies":[{"embeddable":true,"href":"https:\/\/www.aprende-mas.es\/index.php?rest_route=%2Fwp%2Fv2%2Fcomments&post=279"}],"version-history":[{"count":19,"href":"https:\/\/www.aprende-mas.es\/index.php?rest_route=\/wp\/v2\/pages\/279\/revisions"}],"predecessor-version":[{"id":835,"href":"https:\/\/www.aprende-mas.es\/index.php?rest_route=\/wp\/v2\/pages\/279\/revisions\/835"}],"wp:featuredmedia":[{"embeddable":true,"href":"https:\/\/www.aprende-mas.es\/index.php?rest_route=\/wp\/v2\/media\/791"}],"wp:attachment":[{"href":"https:\/\/www.aprende-mas.es\/index.php?rest_route=%2Fwp%2Fv2%2Fmedia&parent=279"}],"curies":[{"name":"wp","href":"https:\/\/api.w.org\/{rel}","templated":true}]}}