{"id":182,"date":"2014-03-03T16:42:59","date_gmt":"2014-03-03T16:42:59","guid":{"rendered":"https:\/\/www.aprende-mas.es\/?page_id=182"},"modified":"2014-05-09T08:30:55","modified_gmt":"2014-05-09T08:30:55","slug":"tecnicas-de-relajacion-2","status":"publish","type":"page","link":"https:\/\/www.aprende-mas.es\/?page_id=182","title":{"rendered":"T\u00e9cnicas de relajaci\u00f3n"},"content":{"rendered":"<h3><a href=\"https:\/\/www.aprende-mas.es\/wp-content\/uploads\/2014\/03\/relajaci\u00f3n.jpg\"><img decoding=\"async\" loading=\"lazy\" class=\"size-medium wp-image-185 alignright\" alt=\"relajaci\u00f3n\" src=\"https:\/\/www.aprende-mas.es\/wp-content\/uploads\/2014\/03\/relajaci\u00f3n-300x199.jpg\" width=\"300\" height=\"199\" srcset=\"https:\/\/www.aprende-mas.es\/wp-content\/uploads\/2014\/03\/relajaci\u00f3n-300x199.jpg 300w, https:\/\/www.aprende-mas.es\/wp-content\/uploads\/2014\/03\/relajaci\u00f3n.jpg 520w\" sizes=\"(max-width: 300px) 100vw, 300px\" \/><\/a>Ya est\u00e1, el le\u00f3n nos ha atrapado (ver <strong>\u201c<a title=\"Control de la ansiedad\" href=\"https:\/\/www.aprende-mas.es\/?page_id=158\">control de la ansiedad y manejo del estr\u00e9s<\/a>\u201d<\/strong>)<\/h3>\n<p>Necesitamos librarnos de \u00e9l, as\u00ed que tenemos que poner en pr\u00e1ctica todos los recursos que tengamos en nuestro saber sobre caza.<\/p>\n<p>A veces se nos olvidan, o se nos han quedado obsoletos, o nunca hemos practicado ciertas destrezas. Las <strong>t\u00e9cnicas de relajaci\u00f3n<\/strong> forman parte de ese arte de la caza, la de hoy, la del siglo XXI donde no nos vamos a encontrar a un le\u00f3n real, pero si a muchos adversarios nada desde\u00f1ables que tenemos que saber manejar para salir airosos<\/p>\n","protected":false},"excerpt":{"rendered":"<p>Ya est\u00e1, el le\u00f3n nos ha atrapado (ver \u201ccontrol de la ansiedad y manejo del estr\u00e9s\u201d) Necesitamos librarnos de \u00e9l, as\u00ed que tenemos que poner en pr\u00e1ctica todos los recursos que tengamos en nuestro saber sobre caza. A veces se nos olvidan, o se nos han quedado obsoletos, o nunca hemos practicado ciertas destrezas. Las [&hellip;]<\/p>\n","protected":false},"author":1,"featured_media":0,"parent":73,"menu_order":6,"comment_status":"closed","ping_status":"open","template":"","meta":{"footnotes":""},"_links":{"self":[{"href":"https:\/\/www.aprende-mas.es\/index.php?rest_route=\/wp\/v2\/pages\/182"}],"collection":[{"href":"https:\/\/www.aprende-mas.es\/index.php?rest_route=\/wp\/v2\/pages"}],"about":[{"href":"https:\/\/www.aprende-mas.es\/index.php?rest_route=\/wp\/v2\/types\/page"}],"author":[{"embeddable":true,"href":"https:\/\/www.aprende-mas.es\/index.php?rest_route=\/wp\/v2\/users\/1"}],"replies":[{"embeddable":true,"href":"https:\/\/www.aprende-mas.es\/index.php?rest_route=%2Fwp%2Fv2%2Fcomments&post=182"}],"version-history":[{"count":6,"href":"https:\/\/www.aprende-mas.es\/index.php?rest_route=\/wp\/v2\/pages\/182\/revisions"}],"predecessor-version":[{"id":192,"href":"https:\/\/www.aprende-mas.es\/index.php?rest_route=\/wp\/v2\/pages\/182\/revisions\/192"}],"up":[{"embeddable":true,"href":"https:\/\/www.aprende-mas.es\/index.php?rest_route=\/wp\/v2\/pages\/73"}],"wp:attachment":[{"href":"https:\/\/www.aprende-mas.es\/index.php?rest_route=%2Fwp%2Fv2%2Fmedia&parent=182"}],"curies":[{"name":"wp","href":"https:\/\/api.w.org\/{rel}","templated":true}]}}