{"id":171,"date":"2014-03-03T16:31:27","date_gmt":"2014-03-03T16:31:27","guid":{"rendered":"https:\/\/www.aprende-mas.es\/?page_id=171"},"modified":"2014-05-09T08:30:55","modified_gmt":"2014-05-09T08:30:55","slug":"coaching","status":"publish","type":"page","link":"https:\/\/www.aprende-mas.es\/?page_id=171","title":{"rendered":"Coaching"},"content":{"rendered":"<h3><a href=\"https:\/\/www.aprende-mas.es\/wp-content\/uploads\/2014\/03\/Coaching-personal.jpg\"><img decoding=\"async\" loading=\"lazy\" class=\"wp-image-196 alignright\" alt=\"Coaching-personal\" src=\"https:\/\/www.aprende-mas.es\/wp-content\/uploads\/2014\/03\/Coaching-personal-300x219.jpg\" width=\"300\" height=\"219\" srcset=\"https:\/\/www.aprende-mas.es\/wp-content\/uploads\/2014\/03\/Coaching-personal-300x219.jpg 300w, https:\/\/www.aprende-mas.es\/wp-content\/uploads\/2014\/03\/Coaching-personal.jpg 342w\" sizes=\"(max-width: 300px) 100vw, 300px\" \/><\/a>Hoy en d\u00eda parece que est\u00e1 muy de moda esto del Coaching, pero no todo el mundo tiene muy claro de qu\u00e9 se trata.<\/h3>\n<p>Para que nos entendamos todos, parece que el objetivo general del proceso de Coaching es ayudar a la persona a descubrir lo mejor de s\u00ed misma y que, con ello, alcance sus objetivos de mejora e incremento del desempe\u00f1o.<\/p>\n<p>Los psic\u00f3logos pensamos que \u00e9sta es nuestra tarea y s\u00ed claro que s\u00ed, tambi\u00e9n lo es. Pero si tan s\u00f3lo estamos algo atascados en algo que queremos alcanzar, si la persona se est\u00e1 poniendo l\u00edmites a s\u00ed misma, el coach puede ayudarle a tomar las riendas de esa situaci\u00f3n que le bloquea. Le va a ayudar a identificar nuevos horizontes y a desarrollar ese potencial que la persona a\u00fan no ha explorado.<\/p>\n<p>Dicho de otra forma: los objetivos son el objetivo. Si el proceso es el camino entre \u201cd\u00f3nde estamos\u201d y \u201cd\u00f3nde queremos estar\u201d, concretar ese \u00e1mbito resulta imprescindible. Porque si no se sabe a d\u00f3nde se quiere llegar, nunca se podr\u00e1 construir un camino que nos lleve.<br \/>\n\u00bfA d\u00f3nde quiero ir? El Coach te ayudar\u00e1 a identificar tu camino.<br \/>\n\u00bfC\u00f3mo lo hago? El coach te facilitar\u00e1 el reconocimiento de tus puntos fuertes y la detecci\u00f3n de las oportunidades de mejora para ti.<\/p>\n<p><strong>Esto es un trabajo fundamentalmente tuyo, a\u00fan con acompa\u00f1amiento profesional.<\/strong><\/p>\n","protected":false},"excerpt":{"rendered":"<p>Hoy en d\u00eda parece que est\u00e1 muy de moda esto del Coaching, pero no todo el mundo tiene muy claro de qu\u00e9 se trata. Para que nos entendamos todos, parece que el objetivo general del proceso de Coaching es ayudar a la persona a descubrir lo mejor de s\u00ed misma y que, con ello, alcance [&hellip;]<\/p>\n","protected":false},"author":1,"featured_media":0,"parent":73,"menu_order":9,"comment_status":"closed","ping_status":"open","template":"","meta":{"footnotes":""},"_links":{"self":[{"href":"https:\/\/www.aprende-mas.es\/index.php?rest_route=\/wp\/v2\/pages\/171"}],"collection":[{"href":"https:\/\/www.aprende-mas.es\/index.php?rest_route=\/wp\/v2\/pages"}],"about":[{"href":"https:\/\/www.aprende-mas.es\/index.php?rest_route=\/wp\/v2\/types\/page"}],"author":[{"embeddable":true,"href":"https:\/\/www.aprende-mas.es\/index.php?rest_route=\/wp\/v2\/users\/1"}],"replies":[{"embeddable":true,"href":"https:\/\/www.aprende-mas.es\/index.php?rest_route=%2Fwp%2Fv2%2Fcomments&post=171"}],"version-history":[{"count":4,"href":"https:\/\/www.aprende-mas.es\/index.php?rest_route=\/wp\/v2\/pages\/171\/revisions"}],"predecessor-version":[{"id":197,"href":"https:\/\/www.aprende-mas.es\/index.php?rest_route=\/wp\/v2\/pages\/171\/revisions\/197"}],"up":[{"embeddable":true,"href":"https:\/\/www.aprende-mas.es\/index.php?rest_route=\/wp\/v2\/pages\/73"}],"wp:attachment":[{"href":"https:\/\/www.aprende-mas.es\/index.php?rest_route=%2Fwp%2Fv2%2Fmedia&parent=171"}],"curies":[{"name":"wp","href":"https:\/\/api.w.org\/{rel}","templated":true}]}}