{"id":160,"date":"2014-03-03T16:28:58","date_gmt":"2014-03-03T16:28:58","guid":{"rendered":"https:\/\/www.aprende-mas.es\/?page_id=160"},"modified":"2014-05-09T08:30:55","modified_gmt":"2014-05-09T08:30:55","slug":"fobias-y-miedos","status":"publish","type":"page","link":"https:\/\/www.aprende-mas.es\/?page_id=160","title":{"rendered":"Fobias y Miedos"},"content":{"rendered":"<p><a href=\"https:\/\/www.aprende-mas.es\/wp-content\/uploads\/2014\/03\/miedos-fobias.jpg\"><img decoding=\"async\" loading=\"lazy\" class=\"size-medium wp-image-296 alignright\" alt=\"miedos-fobias\" src=\"https:\/\/www.aprende-mas.es\/wp-content\/uploads\/2014\/03\/miedos-fobias-300x199.jpg\" width=\"300\" height=\"199\" srcset=\"https:\/\/www.aprende-mas.es\/wp-content\/uploads\/2014\/03\/miedos-fobias-300x199.jpg 300w, https:\/\/www.aprende-mas.es\/wp-content\/uploads\/2014\/03\/miedos-fobias.jpg 508w\" sizes=\"(max-width: 300px) 100vw, 300px\" \/><\/a><i>\u201cNotas como tu coraz\u00f3n late m\u00e1s deprisa, tu respiraci\u00f3n se acelera, notas una presi\u00f3n en el pecho, tus manos se humedecen, un escalofri\u00f3 recorre tu cuerpo, \u00a1solo con imaginarlo!, \u00fanicamente pensar en ello te produce un estremecimiento total, incluso puedes llegar a sentirte mal f\u00edsicamente, te duele la cabeza, la tripa te molesta, \u00a0no te atreves ni a pensarlo detenidamente, no puedes enfrentarte a la realidad, no tienes fuerzas\u201d. <\/i><\/p>\n<p>Si todos estos s\u00edntomas\/pensamientos te son Familiares estas sufriendo un proceso <b>F\u00f3bico<\/b>, que sin tratamiento se convertir\u00e1 en una <b>Fobia.<\/b><\/p>\n<p><b>Todos a lo largo de nuestras vidas pasamos por procesos f\u00f3bicos, <\/b>en Aprende m\u00e1s podemos ayudarte a que avances m\u00e1s r\u00e1pidamente sobre la situaci\u00f3n problema, a encontrar las mejores soluciones y recuperar el equilibrio en t\u00fa vida. Aprender del miedo, hacer que se convierta en una simple se\u00f1al de alarma que NO nos invalide, que simplemente nos ayude a buscar la mejor alternativa al inconveniente.<\/p>\n","protected":false},"excerpt":{"rendered":"<p>\u201cNotas como tu coraz\u00f3n late m\u00e1s deprisa, tu respiraci\u00f3n se acelera, notas una presi\u00f3n en el pecho, tus manos se humedecen, un escalofri\u00f3 recorre tu cuerpo, \u00a1solo con imaginarlo!, \u00fanicamente pensar en ello te produce un estremecimiento total, incluso puedes llegar a sentirte mal f\u00edsicamente, te duele la cabeza, la tripa te molesta, \u00a0no te [&hellip;]<\/p>\n","protected":false},"author":1,"featured_media":0,"parent":73,"menu_order":5,"comment_status":"closed","ping_status":"open","template":"","meta":{"footnotes":""},"_links":{"self":[{"href":"https:\/\/www.aprende-mas.es\/index.php?rest_route=\/wp\/v2\/pages\/160"}],"collection":[{"href":"https:\/\/www.aprende-mas.es\/index.php?rest_route=\/wp\/v2\/pages"}],"about":[{"href":"https:\/\/www.aprende-mas.es\/index.php?rest_route=\/wp\/v2\/types\/page"}],"author":[{"embeddable":true,"href":"https:\/\/www.aprende-mas.es\/index.php?rest_route=\/wp\/v2\/users\/1"}],"replies":[{"embeddable":true,"href":"https:\/\/www.aprende-mas.es\/index.php?rest_route=%2Fwp%2Fv2%2Fcomments&post=160"}],"version-history":[{"count":4,"href":"https:\/\/www.aprende-mas.es\/index.php?rest_route=\/wp\/v2\/pages\/160\/revisions"}],"predecessor-version":[{"id":297,"href":"https:\/\/www.aprende-mas.es\/index.php?rest_route=\/wp\/v2\/pages\/160\/revisions\/297"}],"up":[{"embeddable":true,"href":"https:\/\/www.aprende-mas.es\/index.php?rest_route=\/wp\/v2\/pages\/73"}],"wp:attachment":[{"href":"https:\/\/www.aprende-mas.es\/index.php?rest_route=%2Fwp%2Fv2%2Fmedia&parent=160"}],"curies":[{"name":"wp","href":"https:\/\/api.w.org\/{rel}","templated":true}]}}