{"id":16,"date":"2014-02-21T13:05:37","date_gmt":"2014-02-21T13:05:37","guid":{"rendered":"https:\/\/www.aprende-mas.es\/?page_id=16"},"modified":"2014-05-09T08:30:38","modified_gmt":"2014-05-09T08:30:38","slug":"dilsexia-infantil","status":"publish","type":"page","link":"https:\/\/www.aprende-mas.es\/?page_id=16","title":{"rendered":"Dilsexia Infantil"},"content":{"rendered":"<h3><a href=\"https:\/\/www.aprende-mas.es\/wp-content\/uploads\/2014\/02\/DislexiaInfantil-2.jpg\"><img decoding=\"async\" loading=\"lazy\" class=\"size-full wp-image-19 alignright\" title=\"Dislexia Infantil\" alt=\"DislexiaInfantil-2\" src=\"https:\/\/www.aprende-mas.es\/wp-content\/uploads\/2014\/02\/DislexiaInfantil-2.jpg\" width=\"300\" height=\"300\" srcset=\"https:\/\/www.aprende-mas.es\/wp-content\/uploads\/2014\/02\/DislexiaInfantil-2.jpg 300w, https:\/\/www.aprende-mas.es\/wp-content\/uploads\/2014\/02\/DislexiaInfantil-2-150x150.jpg 150w\" sizes=\"(max-width: 300px) 100vw, 300px\" \/><\/a>Plant\u00e9ese si le son familiares los siguientes S\u00edntomas:<\/h3>\n<ul>\n<li>\u00bfSu hijo comete errores al escribir?<\/li>\n<li>\u00bfSe inventa palabras, las faltas de ortograf\u00eda son constantes, su letra no se entiende?<\/li>\n<li>\u00bfSu hijo comete errores al leer?<\/li>\n<li>\u00bfSe salta, confunde, distorsiona letras,silabas \u00f3 palabras?<\/li>\n<li>\u00bfRectifica, vacila y pierde la l\u00ednea de lectura?. Esto provoca una lectura lenta y dif\u00edcil de comprender.<\/li>\n<li>Pasa mucho tiempo estudiando pero no le cunde, se levanta del estudio para preguntar dudas varias veces, se enfada porque no lo entiende.<\/li>\n<li>Confunde habitualmente izquierda y derecha.<\/li>\n<li>Sus notas son bajas.<\/li>\n<\/ul>\n<p>Su queja sobre los deberes es frecuente: son muchos deberes, no tiene suficiente tiempo, no los entiende, no los sabe hacer solo.<\/p>\n<p>La <strong>Dislexia infantil<\/strong> es un problema com\u00fan en nuestra sociedad, en la que todos los d\u00edas los ni\u00f1os se encuentran con mayores retos escolares. Con una adecuada detecci\u00f3n temprana y eficaz podemos ayudar a que estas dificultades sean mucho m\u00e1s llevaderas.<\/p>\n<p>Desde <strong>Aprende M\u00e1s<\/strong> podemos ayudaros, encontraremos la mejor soluci\u00f3n.<\/p>\n","protected":false},"excerpt":{"rendered":"<p>Plant\u00e9ese si le son familiares los siguientes S\u00edntomas: \u00bfSu hijo comete errores al escribir? \u00bfSe inventa palabras, las faltas de ortograf\u00eda son constantes, su letra no se entiende? \u00bfSu hijo comete errores al leer? \u00bfSe salta, confunde, distorsiona letras,silabas \u00f3 palabras? \u00bfRectifica, vacila y pierde la l\u00ednea de lectura?. Esto provoca una lectura lenta y [&hellip;]<\/p>\n","protected":false},"author":1,"featured_media":0,"parent":12,"menu_order":3,"comment_status":"closed","ping_status":"open","template":"","meta":{"footnotes":""},"_links":{"self":[{"href":"https:\/\/www.aprende-mas.es\/index.php?rest_route=\/wp\/v2\/pages\/16"}],"collection":[{"href":"https:\/\/www.aprende-mas.es\/index.php?rest_route=\/wp\/v2\/pages"}],"about":[{"href":"https:\/\/www.aprende-mas.es\/index.php?rest_route=\/wp\/v2\/types\/page"}],"author":[{"embeddable":true,"href":"https:\/\/www.aprende-mas.es\/index.php?rest_route=\/wp\/v2\/users\/1"}],"replies":[{"embeddable":true,"href":"https:\/\/www.aprende-mas.es\/index.php?rest_route=%2Fwp%2Fv2%2Fcomments&post=16"}],"version-history":[{"count":13,"href":"https:\/\/www.aprende-mas.es\/index.php?rest_route=\/wp\/v2\/pages\/16\/revisions"}],"predecessor-version":[{"id":30,"href":"https:\/\/www.aprende-mas.es\/index.php?rest_route=\/wp\/v2\/pages\/16\/revisions\/30"}],"up":[{"embeddable":true,"href":"https:\/\/www.aprende-mas.es\/index.php?rest_route=\/wp\/v2\/pages\/12"}],"wp:attachment":[{"href":"https:\/\/www.aprende-mas.es\/index.php?rest_route=%2Fwp%2Fv2%2Fmedia&parent=16"}],"curies":[{"name":"wp","href":"https:\/\/api.w.org\/{rel}","templated":true}]}}