{"id":14,"date":"2014-02-21T13:02:27","date_gmt":"2014-02-21T13:02:27","guid":{"rendered":"https:\/\/www.aprende-mas.es\/?page_id=14"},"modified":"2014-05-09T08:30:38","modified_gmt":"2014-05-09T08:30:38","slug":"problemas-en-el-colegio","status":"publish","type":"page","link":"https:\/\/www.aprende-mas.es\/?page_id=14","title":{"rendered":"Problemas en el colegio"},"content":{"rendered":"<h3><a href=\"https:\/\/www.aprende-mas.es\/wp-content\/uploads\/2014\/02\/problemas-escolares.jpg\"><img decoding=\"async\" loading=\"lazy\" class=\"size-full wp-image-34 alignright\" alt=\"problemas-escolares\" src=\"https:\/\/www.aprende-mas.es\/wp-content\/uploads\/2014\/02\/problemas-escolares.jpg\" width=\"187\" height=\"269\" \/><\/a>Plant\u00e9ese si le son familiares los siguientes S\u00edntomas:<\/h3>\n<ul>\n<li>\u00bfA su hijo le cuesta mucho ponerse a estudiar?<\/li>\n<li>\u00bfRealizar los deberes se ha convertido en una lucha de poder?<\/li>\n<li>\u00bfParece que no importa cu\u00e1nto estudie, su hijo no saca rendimiento?<\/li>\n<li>\u00bfSiente que la organizaci\u00f3n y planificaci\u00f3n del estudio no es la adecuada?<\/li>\n<\/ul>\n<p>En la mayor\u00eda de los casos se puede prevenir el fracaso escolar si se maneja a tiempo o si se act\u00faa con unas sencillas normas, aplicadas con constancia y voluntad.<br \/>\nComentamos tu problema.<\/p>\n<p>Desde <strong>Aprende M\u00e1s<\/strong> podemos ayudaros, encontraremos la mejor soluci\u00f3n.<\/p>\n<h3><strong>Problemas escolares<br \/>\n<\/strong><\/h3>\n<p>Los padres cuyos hijos tienen problemas acad\u00e9micos se sienten extremadamente preocupados y desilusionados. Los psic\u00f3logos de ni\u00f1os y adolescentes saben que hay muchas causas para los fracasos acad\u00e9micos y que una de las m\u00e1s comunes son los trastornos del aprendizaje.<\/p>\n<p>Un ni\u00f1o con un trastorno del aprendizaje es por lo general un ni\u00f1o inteligente, quien inicialmente trata de seguir las instrucciones, de concentrarse y de tener un buen comportamiento en casa y en el colegio. Sin embargo, el ni\u00f1o no domina las tareas escolares y comienza a retrasarse. Algunos de estos ni\u00f1os tienen dificultad en permanecer quietos o prestar atenci\u00f3n. Los problemas de aprendizaje afectan a un 15% de la poblaci\u00f3n escolar.<\/p>\n<p>Se estima que los problemas espec\u00edficos de aprendizaje son causados por una dificultad del sistema nervioso que afecta la captaci\u00f3n, elaboraci\u00f3n o comunicaci\u00f3n de informaci\u00f3n. Algunos de estos ni\u00f1os son hiperactivos y\/o distra\u00eddos con un lapso de atenci\u00f3n corto.<\/p>\n<p>Los psic\u00f3logos de ni\u00f1os y adolescentes sabemos que estos ni\u00f1os pueden ser ayudados, pero que si su condici\u00f3n no se detecta y se trata a tiempo, el problema puede aumentar y complicarse r\u00e1pidamente. Un ni\u00f1o que en primaria no aprende a sumar, al llegar a la secundaria, no podr\u00e1 entender los problemas matem\u00e1ticos. El ni\u00f1o que trata de aprender con gran esfuerzo se frustrar\u00e1 progresivamente y desarrollar\u00e1 problemas emocionales como una pobre autoestima, resultado de los fracasos repetidos. Algunos ni\u00f1os con problemas de aprendizaje pueden presentar tambi\u00e9n problemas de conducta, ya que prefieren parecer \u00abmalos\u00bb en vez de \u00abest\u00fapidos o tontos\u00bb. Los padres deben de conocer las se\u00f1ales que con mayor frecuencia indican problemas de aprendizaje en su hijo.<\/p>\n<ul>\n<li>Dificultad en atender o seguir instrucciones.<\/li>\n<li>Dificultad para recordar lo que se le acaba de decir.<\/li>\n<li>Fracasos acad\u00e9micos como consecuencia del poco dominio de destrezas de la lectura, escritura y\/o matem\u00e1ticas.<\/li>\n<li>Dificultad en distinguir entre la derecha y la izquierda, por ejemplo, confunde 25 con 52, al leer o escribir cambia la \u00abb\u00bb con la \u00abd\u00bb o, \u00abla\u00bb por \u00abal\u00bb u, \u00abon\u00bb por \u00abno\u00bb.<\/li>\n<li>Problemas en coordinaci\u00f3n motora, cuando camina, en los deportes, en actividades manuales sencillas como sostener un l\u00e1piz, atarse los zapatos o hacer un lazo.<\/li>\n<li>Pierde sus libros, libretas y otros materiales.<\/li>\n<li>Dificultad en aprender los conceptos de tiempo; confunde \u00abayer\u00bb, \u00abhoy\u00bb, \u00abma\u00f1ana\u00bb.<\/li>\n<\/ul>\n<p>Muchos padres solicitan ayuda a un <strong>Psic\u00f3logo de Ni\u00f1os y Adolescentes<\/strong> cuando su hijo presenta problemas iguales o parecidos a los arriba mencionados. El psic\u00f3logo de ni\u00f1os y adolescentes trabajar\u00e1 en colaboraci\u00f3n con los profesores de la escuela, para hacer pruebas que puedan detectar la raz\u00f3n de la dificultad y la presencia de problemas espec\u00edficos de aprendizaje.<\/p>\n<p>Despu\u00e9s de valorar y evaluar la situaci\u00f3n, el psic\u00f3logo har\u00e1 recomendaciones relacionadas con la ubicaci\u00f3n escolar apropiada para el ni\u00f1o, la necesidad de ayudas especiales, como terapia acad\u00e9mica, t\u00e9cnicas de estudio \u00f3 logopedia. El psic\u00f3logo tomar\u00e1 las medidas necesarias para ayudar a que el ni\u00f1o desarrolle al m\u00e1ximo su potencial.<\/p>\n","protected":false},"excerpt":{"rendered":"<p>Plant\u00e9ese si le son familiares los siguientes S\u00edntomas: \u00bfA su hijo le cuesta mucho ponerse a estudiar? \u00bfRealizar los deberes se ha convertido en una lucha de poder? \u00bfParece que no importa cu\u00e1nto estudie, su hijo no saca rendimiento? \u00bfSiente que la organizaci\u00f3n y planificaci\u00f3n del estudio no es la adecuada? En la mayor\u00eda de [&hellip;]<\/p>\n","protected":false},"author":1,"featured_media":0,"parent":12,"menu_order":2,"comment_status":"closed","ping_status":"open","template":"","meta":{"footnotes":""},"_links":{"self":[{"href":"https:\/\/www.aprende-mas.es\/index.php?rest_route=\/wp\/v2\/pages\/14"}],"collection":[{"href":"https:\/\/www.aprende-mas.es\/index.php?rest_route=\/wp\/v2\/pages"}],"about":[{"href":"https:\/\/www.aprende-mas.es\/index.php?rest_route=\/wp\/v2\/types\/page"}],"author":[{"embeddable":true,"href":"https:\/\/www.aprende-mas.es\/index.php?rest_route=\/wp\/v2\/users\/1"}],"replies":[{"embeddable":true,"href":"https:\/\/www.aprende-mas.es\/index.php?rest_route=%2Fwp%2Fv2%2Fcomments&post=14"}],"version-history":[{"count":6,"href":"https:\/\/www.aprende-mas.es\/index.php?rest_route=\/wp\/v2\/pages\/14\/revisions"}],"predecessor-version":[{"id":36,"href":"https:\/\/www.aprende-mas.es\/index.php?rest_route=\/wp\/v2\/pages\/14\/revisions\/36"}],"up":[{"embeddable":true,"href":"https:\/\/www.aprende-mas.es\/index.php?rest_route=\/wp\/v2\/pages\/12"}],"wp:attachment":[{"href":"https:\/\/www.aprende-mas.es\/index.php?rest_route=%2Fwp%2Fv2%2Fmedia&parent=14"}],"curies":[{"name":"wp","href":"https:\/\/api.w.org\/{rel}","templated":true}]}}