{"id":12,"date":"2014-02-21T12:57:33","date_gmt":"2014-02-21T12:57:33","guid":{"rendered":"https:\/\/www.aprende-mas.es\/?page_id=12"},"modified":"2014-05-09T08:30:38","modified_gmt":"2014-05-09T08:30:38","slug":"terapia-de-ninos","status":"publish","type":"page","link":"https:\/\/www.aprende-mas.es\/?page_id=12","title":{"rendered":"Terapia de ni\u00f1os"},"content":{"rendered":"<p><strong>\u00bfCU\u00c1NDO BUSCAR AYUDA PARA SU HIJO O HIJA?<\/strong><\/p>\n<p>Los padres son normalmente los primeros en detectar cuando un hijo tiene un problema emocional o de conducta. Esta creciente preocupaci\u00f3n de los padres, unida con las observaciones de profesores y de otros miembros de la familia, es la manera m\u00e1s com\u00fan de darse cuenta de que el ni\u00f1o puede beneficiarse de un tratamiento. Es en este momento cuando los padres deben consultar tambi\u00e9n a un psic\u00f3logo de Ni\u00f1os y Adolescentes u otros profesionales para encontrar la manera de ayudar a su hijo.<br \/>\nA continuaci\u00f3n se describen algunas se\u00f1ales indicativas de que una evaluaci\u00f3n por un psic\u00f3logo de Ni\u00f1os y Adolescentes puede ser necesaria.<\/p>\n<p>En ni\u00f1os peque\u00f1os:<\/p>\n<ul>\n<li>Cambios importantes en el rendimiento acad\u00e9mico.<\/li>\n<li>Malas calificaciones en la escuela, a pesar de hacer un esfuerzo notable.<\/li>\n<li>Preocupaci\u00f3n o ansiedad excesiva. Esta puede manifestarse en su negativa para: asistir al colegio, irse a dormir o a participar en aquellas actividades normales de un ni\u00f1o(a) de su edad (juego, dibujo, alimentaci\u00f3n, aseo, etc.).<\/li>\n<li>Pesadillas persistentes.<\/li>\n<li>Desobediencia y conductas provocativas a figuras de autoridad.<\/li>\n<li>Rabietas frecuentes y sin raz\u00f3n aparente.<\/li>\n<li>Agresiones.<\/li>\n<\/ul>\n","protected":false},"excerpt":{"rendered":"<p>\u00bfCU\u00c1NDO BUSCAR AYUDA PARA SU HIJO O HIJA? Los padres son normalmente los primeros en detectar cuando un hijo tiene un problema emocional o de conducta. Esta creciente preocupaci\u00f3n de los padres, unida con las observaciones de profesores y de otros miembros de la familia, es la manera m\u00e1s com\u00fan de darse cuenta de que [&hellip;]<\/p>\n","protected":false},"author":1,"featured_media":0,"parent":0,"menu_order":1,"comment_status":"closed","ping_status":"open","template":"","meta":{"footnotes":""},"_links":{"self":[{"href":"https:\/\/www.aprende-mas.es\/index.php?rest_route=\/wp\/v2\/pages\/12"}],"collection":[{"href":"https:\/\/www.aprende-mas.es\/index.php?rest_route=\/wp\/v2\/pages"}],"about":[{"href":"https:\/\/www.aprende-mas.es\/index.php?rest_route=\/wp\/v2\/types\/page"}],"author":[{"embeddable":true,"href":"https:\/\/www.aprende-mas.es\/index.php?rest_route=\/wp\/v2\/users\/1"}],"replies":[{"embeddable":true,"href":"https:\/\/www.aprende-mas.es\/index.php?rest_route=%2Fwp%2Fv2%2Fcomments&post=12"}],"version-history":[{"count":1,"href":"https:\/\/www.aprende-mas.es\/index.php?rest_route=\/wp\/v2\/pages\/12\/revisions"}],"predecessor-version":[{"id":13,"href":"https:\/\/www.aprende-mas.es\/index.php?rest_route=\/wp\/v2\/pages\/12\/revisions\/13"}],"wp:attachment":[{"href":"https:\/\/www.aprende-mas.es\/index.php?rest_route=%2Fwp%2Fv2%2Fmedia&parent=12"}],"curies":[{"name":"wp","href":"https:\/\/api.w.org\/{rel}","templated":true}]}}